{"id":833,"date":"2022-08-03T09:25:47","date_gmt":"2022-08-03T09:25:47","guid":{"rendered":"https:\/\/marketing.inttec-cloud.com\/?page_id=833"},"modified":"2022-10-19T03:50:11","modified_gmt":"2022-10-19T03:50:11","slug":"sectors-inttec","status":"publish","type":"page","link":"https:\/\/marketing.inttec-cloud.com\/index.php\/sectors-inttec\/","title":{"rendered":"Sectors IntTec"},"content":{"rendered":"\n<p>A IntTec tenim experi\u00e8ncia en una gran varietat de sectors industrials i tenim facilitat per adaptar-nos a cada situaci\u00f3 individual. Nosaltres podem ajudar-te a adaptar la teva producci\u00f3 a la nova <a href=\"https:\/\/marketing.inttec-cloud.com\/index.php\/industria-4-0\/\">industrialitzaci\u00f3 4.0<\/a> i portar-te al capdavant d&#8217;una revoluci\u00f3 que s&#8217;est\u00e0 produint ara mateix. <\/p>\n\n\n\n<p>IntTec est\u00e0 al dia de les actualitzacions i millores per a cadascun d&#8217;aquests sectors, seguint de prop les innovacions tecnol\u00f2giques disponibles. Aix\u00ed podrem assessorar-te i ajudar-te a trobar les solucions m\u00e9s productives, eficients i rendibles per a la teva producci\u00f3. <\/p>\n\n\n\n<p><\/p>\n\n\n\n<div class=\"wp-block-columns alignfull is-layout-flex wp-container-core-columns-is-layout-9d6595d7 wp-block-columns-is-layout-flex\">\n<div class=\"wp-block-column is-layout-flow wp-block-column-is-layout-flow\">\n<div class=\"wp-block-cover is-light\"><span aria-hidden=\"true\" class=\"wp-block-cover__background has-background-dim\"><\/span><img loading=\"lazy\" decoding=\"async\" width=\"1000\" height=\"667\" class=\"wp-block-cover__image-background wp-image-1095\" alt=\"Processat i manipulat del paper, pl\u00e0stic i cartr\u00f2\" src=\"https:\/\/marketing.inttec-cloud.com\/wp-content\/uploads\/2022\/09\/fabrica-paper.jpg\" data-object-fit=\"cover\" srcset=\"https:\/\/marketing.inttec-cloud.com\/wp-content\/uploads\/2022\/09\/fabrica-paper.jpg 1000w, https:\/\/marketing.inttec-cloud.com\/wp-content\/uploads\/2022\/09\/fabrica-paper-300x200.jpg 300w, https:\/\/marketing.inttec-cloud.com\/wp-content\/uploads\/2022\/09\/fabrica-paper-768x512.jpg 768w, https:\/\/marketing.inttec-cloud.com\/wp-content\/uploads\/2022\/09\/fabrica-paper-360x240.jpg 360w\" sizes=\"auto, (max-width: 1000px) 100vw, 1000px\" \/><div class=\"wp-block-cover__inner-container is-layout-flow wp-block-cover-is-layout-flow\">\n<p class=\"has-text-align-center has-white-color has-text-color has-large-font-size\">Processat i manipulaci\u00f3 de paper, pl\u00e0stic i cart\u00f3<\/p>\n<\/div><\/div>\n<\/div>\n\n\n\n<div class=\"wp-block-column is-layout-flow wp-block-column-is-layout-flow\">\n<div class=\"wp-block-cover is-light\"><span aria-hidden=\"true\" class=\"wp-block-cover__background has-background-dim\"><\/span><img loading=\"lazy\" decoding=\"async\" width=\"1000\" height=\"667\" class=\"wp-block-cover__image-background wp-image-1096\" alt=\"Alimentaci\u00f3 humana i animal \" src=\"https:\/\/marketing.inttec-cloud.com\/wp-content\/uploads\/2022\/09\/fabrica-alimentaria.jpg\" data-object-fit=\"cover\" srcset=\"https:\/\/marketing.inttec-cloud.com\/wp-content\/uploads\/2022\/09\/fabrica-alimentaria.jpg 1000w, https:\/\/marketing.inttec-cloud.com\/wp-content\/uploads\/2022\/09\/fabrica-alimentaria-300x200.jpg 300w, https:\/\/marketing.inttec-cloud.com\/wp-content\/uploads\/2022\/09\/fabrica-alimentaria-768x512.jpg 768w, https:\/\/marketing.inttec-cloud.com\/wp-content\/uploads\/2022\/09\/fabrica-alimentaria-360x240.jpg 360w\" sizes=\"auto, (max-width: 1000px) 100vw, 1000px\" \/><div class=\"wp-block-cover__inner-container is-layout-flow wp-block-cover-is-layout-flow\">\n<p class=\"has-text-align-center has-white-color has-text-color has-large-font-size\">Alimentaci\u00f3 humana i animal<\/p>\n<\/div><\/div>\n<\/div>\n\n\n\n<div class=\"wp-block-column is-layout-flow wp-block-column-is-layout-flow\">\n<div class=\"wp-block-cover\"><span aria-hidden=\"true\" class=\"wp-block-cover__background has-background-dim\"><\/span><img loading=\"lazy\" decoding=\"async\" width=\"640\" height=\"480\" class=\"wp-block-cover__image-background wp-image-1097\" alt=\"Metal\u00b7l\u00fargica\" src=\"https:\/\/marketing.inttec-cloud.com\/wp-content\/uploads\/2022\/09\/metalurgia.jpg\" data-object-fit=\"cover\" srcset=\"https:\/\/marketing.inttec-cloud.com\/wp-content\/uploads\/2022\/09\/metalurgia.jpg 640w, https:\/\/marketing.inttec-cloud.com\/wp-content\/uploads\/2022\/09\/metalurgia-300x225.jpg 300w\" sizes=\"auto, (max-width: 640px) 100vw, 640px\" \/><div class=\"wp-block-cover__inner-container is-layout-flow wp-block-cover-is-layout-flow\">\n<p class=\"has-text-align-center has-large-font-size\">Metal\u00b7l\u00fargica<\/p>\n<\/div><\/div>\n<\/div>\n<\/div>\n\n\n\n<div class=\"wp-block-columns alignfull is-layout-flex wp-container-core-columns-is-layout-9d6595d7 wp-block-columns-is-layout-flex\">\n<div class=\"wp-block-column is-layout-flow wp-block-column-is-layout-flow\">\n<div class=\"wp-block-cover\"><span aria-hidden=\"true\" class=\"wp-block-cover__background has-background-dim\"><\/span><img loading=\"lazy\" decoding=\"async\" width=\"640\" height=\"427\" class=\"wp-block-cover__image-background wp-image-1098\" alt=\"industria textil\" src=\"https:\/\/marketing.inttec-cloud.com\/wp-content\/uploads\/2022\/09\/fabrica-textil.jpg\" data-object-fit=\"cover\" srcset=\"https:\/\/marketing.inttec-cloud.com\/wp-content\/uploads\/2022\/09\/fabrica-textil.jpg 640w, https:\/\/marketing.inttec-cloud.com\/wp-content\/uploads\/2022\/09\/fabrica-textil-300x200.jpg 300w, https:\/\/marketing.inttec-cloud.com\/wp-content\/uploads\/2022\/09\/fabrica-textil-360x240.jpg 360w\" sizes=\"auto, (max-width: 640px) 100vw, 640px\" \/><div class=\"wp-block-cover__inner-container is-layout-flow wp-block-cover-is-layout-flow\">\n<p class=\"has-text-align-center has-large-font-size\">T\u00e8xtil<\/p>\n<\/div><\/div>\n<\/div>\n\n\n\n<div class=\"wp-block-column is-layout-flow wp-block-column-is-layout-flow\">\n<div class=\"wp-block-cover is-light\"><span aria-hidden=\"true\" class=\"wp-block-cover__background has-background-dim\"><\/span><img loading=\"lazy\" decoding=\"async\" width=\"640\" height=\"427\" class=\"wp-block-cover__image-background wp-image-1099\" alt=\"Ind\u00fastria suro\" src=\"https:\/\/marketing.inttec-cloud.com\/wp-content\/uploads\/2022\/09\/suro.jpg\" data-object-fit=\"cover\" srcset=\"https:\/\/marketing.inttec-cloud.com\/wp-content\/uploads\/2022\/09\/suro.jpg 640w, https:\/\/marketing.inttec-cloud.com\/wp-content\/uploads\/2022\/09\/suro-300x200.jpg 300w, https:\/\/marketing.inttec-cloud.com\/wp-content\/uploads\/2022\/09\/suro-360x240.jpg 360w\" sizes=\"auto, (max-width: 640px) 100vw, 640px\" \/><div class=\"wp-block-cover__inner-container is-layout-flow wp-block-cover-is-layout-flow\">\n<p class=\"has-text-align-center has-white-color has-text-color has-large-font-size\">Suro<\/p>\n<\/div><\/div>\n<\/div>\n\n\n\n<div class=\"wp-block-column is-layout-flow wp-block-column-is-layout-flow\">\n<div class=\"wp-block-cover is-light\"><span aria-hidden=\"true\" class=\"wp-block-cover__background has-background-dim\"><\/span><img loading=\"lazy\" decoding=\"async\" width=\"1000\" height=\"563\" class=\"wp-block-cover__image-background wp-image-1101\" alt=\"\" src=\"https:\/\/marketing.inttec-cloud.com\/wp-content\/uploads\/2022\/09\/farmaceutica.jpg\" data-object-fit=\"cover\" srcset=\"https:\/\/marketing.inttec-cloud.com\/wp-content\/uploads\/2022\/09\/farmaceutica.jpg 1000w, https:\/\/marketing.inttec-cloud.com\/wp-content\/uploads\/2022\/09\/farmaceutica-300x169.jpg 300w, https:\/\/marketing.inttec-cloud.com\/wp-content\/uploads\/2022\/09\/farmaceutica-768x432.jpg 768w\" sizes=\"auto, (max-width: 1000px) 100vw, 1000px\" \/><div class=\"wp-block-cover__inner-container is-layout-flow wp-block-cover-is-layout-flow\">\n<p class=\"has-text-align-center has-white-color has-text-color has-large-font-size\"><a href=\"http:\/\/phds.cat\">Farmac\u00e8utica &amp; Qu\u00edmica<\/a><\/p>\n<\/div><\/div>\n<\/div>\n<\/div>\n\n\n\n<div class=\"wp-block-columns alignfull is-layout-flex wp-container-core-columns-is-layout-9d6595d7 wp-block-columns-is-layout-flex\">\n<div class=\"wp-block-column is-layout-flow wp-block-column-is-layout-flow\">\n<div class=\"wp-block-cover is-light\"><span aria-hidden=\"true\" class=\"wp-block-cover__background has-background-dim\"><\/span><img loading=\"lazy\" decoding=\"async\" width=\"640\" height=\"427\" class=\"wp-block-cover__image-background wp-image-1100\" alt=\"Packaging IntTec\" src=\"https:\/\/marketing.inttec-cloud.com\/wp-content\/uploads\/2022\/09\/packaging.jpg\" data-object-fit=\"cover\" srcset=\"https:\/\/marketing.inttec-cloud.com\/wp-content\/uploads\/2022\/09\/packaging.jpg 640w, https:\/\/marketing.inttec-cloud.com\/wp-content\/uploads\/2022\/09\/packaging-300x200.jpg 300w, https:\/\/marketing.inttec-cloud.com\/wp-content\/uploads\/2022\/09\/packaging-360x240.jpg 360w\" sizes=\"auto, (max-width: 640px) 100vw, 640px\" \/><div class=\"wp-block-cover__inner-container is-layout-flow wp-block-cover-is-layout-flow\">\n<p class=\"has-text-align-center has-white-color has-text-color has-large-font-size\">Packaging<\/p>\n<\/div><\/div>\n<\/div>\n\n\n\n<div class=\"wp-block-column is-layout-flow wp-block-column-is-layout-flow\">\n<div class=\"wp-block-cover\"><span aria-hidden=\"true\" class=\"wp-block-cover__background has-background-dim\"><\/span><img loading=\"lazy\" decoding=\"async\" width=\"640\" height=\"426\" class=\"wp-block-cover__image-background wp-image-1102\" alt=\"Energ\u00e8tica i noves tecnolog\u00edes\" src=\"https:\/\/marketing.inttec-cloud.com\/wp-content\/uploads\/2022\/09\/energetica.jpg\" data-object-fit=\"cover\" srcset=\"https:\/\/marketing.inttec-cloud.com\/wp-content\/uploads\/2022\/09\/energetica.jpg 640w, https:\/\/marketing.inttec-cloud.com\/wp-content\/uploads\/2022\/09\/energetica-300x200.jpg 300w, https:\/\/marketing.inttec-cloud.com\/wp-content\/uploads\/2022\/09\/energetica-360x240.jpg 360w\" sizes=\"auto, (max-width: 640px) 100vw, 640px\" \/><div class=\"wp-block-cover__inner-container is-layout-flow wp-block-cover-is-layout-flow\">\n<p class=\"has-text-align-center has-large-font-size\">Energ\u00e8tica i noves tecnologies<\/p>\n<\/div><\/div>\n<\/div>\n\n\n\n<div class=\"wp-block-column is-layout-flow wp-block-column-is-layout-flow\">\n<div class=\"wp-block-cover is-light\"><span aria-hidden=\"true\" class=\"wp-block-cover__background has-background-dim\"><\/span><img loading=\"lazy\" decoding=\"async\" width=\"640\" height=\"400\" class=\"wp-block-cover__image-background wp-image-1103\" alt=\"Sectors d'actuaci\u00f3 d'IntTec - Fabriques de maquinaria\" src=\"https:\/\/marketing.inttec-cloud.com\/wp-content\/uploads\/2022\/09\/Produccion-maquinaria.jpg\" data-object-fit=\"cover\" srcset=\"https:\/\/marketing.inttec-cloud.com\/wp-content\/uploads\/2022\/09\/Produccion-maquinaria.jpg 640w, https:\/\/marketing.inttec-cloud.com\/wp-content\/uploads\/2022\/09\/Produccion-maquinaria-300x188.jpg 300w\" sizes=\"auto, (max-width: 640px) 100vw, 640px\" \/><div class=\"wp-block-cover__inner-container is-layout-flow wp-block-cover-is-layout-flow\">\n<p class=\"has-text-align-center has-white-color has-text-color has-large-font-size\">Fabricaci\u00f3 de maquin\u00e0ria<\/p>\n<\/div><\/div>\n<\/div>\n<\/div>\n\n\n\n<p>No trobes el teu sector entre els que tenim a la nostra experi\u00e8ncia? No passa res. Posa&#8217;t en contacte amb nosaltres i explica&#8217;ns el teu projecte o necessitat. Els sectors que t&#8217;anomenem m\u00e9s amunt s\u00f3n els que hem treballat des d&#8217;IntTec, per\u00f2 el nostre equip est\u00e0 compost per molts especialistes provinents d&#8217;altres sectors addicionals. Si \u00e9s del nostre \u00e0mbit d&#8217;actuaci\u00f3 o tenim l&#8217;especialista necessari, t&#8217;ajudarem i en cas de no ser de la nostra experi\u00e8ncia, t&#8217;ajudarem a trobar qui millor et pugui ajudar. <\/p>\n\n\n\n<figure class=\"wp-block-image size-full\"><img loading=\"lazy\" decoding=\"async\" width=\"800\" height=\"400\" src=\"https:\/\/marketing.inttec-cloud.com\/wp-content\/uploads\/2022\/07\/Rep-el-nostre-cataleg-IOT-cloud-directe-al-teu-mail-800-\u00d7-400-px.png\" alt=\"\" class=\"wp-image-442\" srcset=\"https:\/\/marketing.inttec-cloud.com\/wp-content\/uploads\/2022\/07\/Rep-el-nostre-cataleg-IOT-cloud-directe-al-teu-mail-800-\u00d7-400-px.png 800w, https:\/\/marketing.inttec-cloud.com\/wp-content\/uploads\/2022\/07\/Rep-el-nostre-cataleg-IOT-cloud-directe-al-teu-mail-800-\u00d7-400-px-300x150.png 300w, https:\/\/marketing.inttec-cloud.com\/wp-content\/uploads\/2022\/07\/Rep-el-nostre-cataleg-IOT-cloud-directe-al-teu-mail-800-\u00d7-400-px-768x384.png 768w\" sizes=\"auto, (max-width: 800px) 100vw, 800px\" \/><\/figure>\n\n\n<div class=\"wpforms-container wpforms-container-full wpforms-block\" id=\"wpforms-279\"><form id=\"wpforms-form-279\" class=\"wpforms-validate wpforms-form wpforms-ajax-form\" data-formid=\"279\" method=\"post\" enctype=\"multipart\/form-data\" action=\"\/index.php\/wp-json\/wp\/v2\/pages\/833\" data-token=\"689d1c66760618706fa4ed633fe6b8d2\" data-token-time=\"1778072339\"><noscript class=\"wpforms-error-noscript\">Activeu el JavaScript al navegador per a poder completar el formulari.<\/noscript><div class=\"wpforms-field-container\"><div id=\"wpforms-279-field_0-container\" class=\"wpforms-field wpforms-field-name\" data-field-id=\"0\"><label class=\"wpforms-field-label\" for=\"wpforms-279-field_0\">Noms i cognoms <span class=\"wpforms-required-label\">*<\/span><\/label><input type=\"text\" id=\"wpforms-279-field_0\" class=\"wpforms-field-medium wpforms-field-required\" name=\"wpforms[fields][0]\" required><\/div><div id=\"wpforms-279-field_3-container\" class=\"wpforms-field wpforms-field-text\" data-field-id=\"3\"><label class=\"wpforms-field-label\" for=\"wpforms-279-field_3\">Empresa <span class=\"wpforms-required-label\">*<\/span><\/label><input type=\"text\" id=\"wpforms-279-field_3\" class=\"wpforms-field-medium wpforms-field-required\" name=\"wpforms[fields][3]\" required><\/div><div id=\"wpforms-279-field_1-container\" class=\"wpforms-field wpforms-field-email\" data-field-id=\"1\"><label class=\"wpforms-field-label\" for=\"wpforms-279-field_1\">Email <span class=\"wpforms-required-label\">*<\/span><\/label><input type=\"email\" id=\"wpforms-279-field_1\" class=\"wpforms-field-medium wpforms-field-required\" name=\"wpforms[fields][1]\" spellcheck=\"false\" required><\/div><div id=\"wpforms-279-field_2-container\" class=\"wpforms-field wpforms-field-textarea\" data-field-id=\"2\"><label class=\"wpforms-field-label\" for=\"wpforms-279-field_2\">En qu\u00e8 et podem ajudar? <span class=\"wpforms-required-label\">*<\/span><\/label><textarea id=\"wpforms-279-field_2\" class=\"wpforms-field-medium wpforms-field-required\" name=\"wpforms[fields][2]\" required><\/textarea><\/div><\/div><!-- .wpforms-field-container --><div class=\"wpforms-submit-container\" ><input type=\"hidden\" name=\"wpforms[id]\" value=\"279\"><input type=\"hidden\" name=\"page_title\" value=\"\"><input type=\"hidden\" name=\"page_url\" value=\"https:\/\/marketing.inttec-cloud.com\/index.php\/wp-json\/wp\/v2\/pages\/833\"><input type=\"hidden\" name=\"url_referer\" value=\"\"><button type=\"submit\" name=\"wpforms[submit]\" id=\"wpforms-submit-279\" class=\"wpforms-submit\" data-alt-text=\"Enviant....\" data-submit-text=\"Enviar\" aria-live=\"assertive\" value=\"wpforms-submit\">Enviar<\/button><img loading=\"lazy\" decoding=\"async\" src=\"https:\/\/marketing.inttec-cloud.com\/wp-content\/plugins\/wpforms-lite\/assets\/images\/submit-spin.svg\" class=\"wpforms-submit-spinner\" style=\"display: none;\" width=\"26\" height=\"26\" alt=\"S&#039;est\u00e0 carregant\"><\/div><\/form><\/div>  <!-- .wpforms-container -->","protected":false},"excerpt":{"rendered":"<p>A IntTec tenim experi\u00e8ncia en una gran varietat de sectors industrials i tenim facilitat per adaptar-nos a cada situaci\u00f3 individual. Nosaltres podem ajudar-te a adaptar la teva producci\u00f3 a la nova industrialitzaci\u00f3 4.0 i portar-te al capdavant d&#8217;una revoluci\u00f3 que s&#8217;est\u00e0 produint ara mateix. IntTec est\u00e0 al dia de les [&hellip;]<\/p>\n","protected":false},"author":1,"featured_media":1106,"parent":0,"menu_order":0,"comment_status":"closed","ping_status":"closed","template":"","meta":{"_monsterinsights_skip_tracking":false,"_monsterinsights_sitenote_active":false,"_monsterinsights_sitenote_note":"","_monsterinsights_sitenote_category":0,"footnotes":""},"class_list":["post-833","page","type-page","status-publish","has-post-thumbnail","hentry"],"yoast_head":"<!-- This site is optimized with the Yoast SEO plugin v27.5 - https:\/\/yoast.com\/product\/yoast-seo-wordpress\/ -->\n<title>Sectors IntTec - IntTec - Integracions tecnol\u00f2giques 2016<\/title>\n<meta name=\"description\" content=\"A IntTec tenim experi\u00e8ncia en una gran varietat de sectors industrials i una gran cartera de clients que confien en la nostra professionalitat\" \/>\n<meta name=\"robots\" content=\"index, follow, max-snippet:-1, max-image-preview:large, max-video-preview:-1\" \/>\n<link rel=\"canonical\" href=\"https:\/\/marketing.inttec-cloud.com\/index.php\/sectors-inttec\/\" \/>\n<meta property=\"og:locale\" content=\"ca_ES\" \/>\n<meta property=\"og:type\" content=\"article\" \/>\n<meta property=\"og:title\" content=\"Sectors IntTec - IntTec - Integracions tecnol\u00f2giques 2016\" \/>\n<meta property=\"og:description\" content=\"A IntTec tenim experi\u00e8ncia en una gran varietat de sectors industrials i una gran cartera de clients que confien en la nostra professionalitat\" \/>\n<meta property=\"og:url\" content=\"https:\/\/marketing.inttec-cloud.com\/index.php\/sectors-inttec\/\" \/>\n<meta property=\"og:site_name\" content=\"IntTec - Integracions tecnol\u00f2giques 2016\" \/>\n<meta property=\"article:modified_time\" content=\"2022-10-19T03:50:11+00:00\" \/>\n<meta property=\"og:image\" content=\"https:\/\/marketing.inttec-cloud.com\/wp-content\/uploads\/2022\/09\/fabricas.jpg\" \/>\n\t<meta property=\"og:image:width\" content=\"640\" \/>\n\t<meta property=\"og:image:height\" content=\"192\" \/>\n\t<meta property=\"og:image:type\" content=\"image\/jpeg\" \/>\n<meta name=\"twitter:card\" content=\"summary_large_image\" \/>\n<meta name=\"twitter:label1\" content=\"Temps estimat de lectura\" \/>\n\t<meta name=\"twitter:data1\" content=\"4 minuts\" \/>\n<script type=\"application\/ld+json\" class=\"yoast-schema-graph\">{\"@context\":\"https:\\\/\\\/schema.org\",\"@graph\":[{\"@type\":\"WebPage\",\"@id\":\"https:\\\/\\\/marketing.inttec-cloud.com\\\/index.php\\\/sectors-inttec\\\/\",\"url\":\"https:\\\/\\\/marketing.inttec-cloud.com\\\/index.php\\\/sectors-inttec\\\/\",\"name\":\"Sectors IntTec - IntTec - Integracions tecnol\u00f2giques 2016\",\"isPartOf\":{\"@id\":\"https:\\\/\\\/marketing.inttec-cloud.com\\\/#website\"},\"primaryImageOfPage\":{\"@id\":\"https:\\\/\\\/marketing.inttec-cloud.com\\\/index.php\\\/sectors-inttec\\\/#primaryimage\"},\"image\":{\"@id\":\"https:\\\/\\\/marketing.inttec-cloud.com\\\/index.php\\\/sectors-inttec\\\/#primaryimage\"},\"thumbnailUrl\":\"https:\\\/\\\/marketing.inttec-cloud.com\\\/wp-content\\\/uploads\\\/2022\\\/09\\\/fabricas.jpg\",\"datePublished\":\"2022-08-03T09:25:47+00:00\",\"dateModified\":\"2022-10-19T03:50:11+00:00\",\"description\":\"A IntTec tenim experi\u00e8ncia en una gran varietat de sectors industrials i una gran cartera de clients que confien en la nostra professionalitat\",\"breadcrumb\":{\"@id\":\"https:\\\/\\\/marketing.inttec-cloud.com\\\/index.php\\\/sectors-inttec\\\/#breadcrumb\"},\"inLanguage\":\"ca\",\"potentialAction\":[{\"@type\":\"ReadAction\",\"target\":[\"https:\\\/\\\/marketing.inttec-cloud.com\\\/index.php\\\/sectors-inttec\\\/\"]}]},{\"@type\":\"ImageObject\",\"inLanguage\":\"ca\",\"@id\":\"https:\\\/\\\/marketing.inttec-cloud.com\\\/index.php\\\/sectors-inttec\\\/#primaryimage\",\"url\":\"https:\\\/\\\/marketing.inttec-cloud.com\\\/wp-content\\\/uploads\\\/2022\\\/09\\\/fabricas.jpg\",\"contentUrl\":\"https:\\\/\\\/marketing.inttec-cloud.com\\\/wp-content\\\/uploads\\\/2022\\\/09\\\/fabricas.jpg\",\"width\":640,\"height\":192,\"caption\":\"Sectors d'actuaci\u00f3 d'IntTec - Fabricas - Sectores de IntTec\"},{\"@type\":\"BreadcrumbList\",\"@id\":\"https:\\\/\\\/marketing.inttec-cloud.com\\\/index.php\\\/sectors-inttec\\\/#breadcrumb\",\"itemListElement\":[{\"@type\":\"ListItem\",\"position\":1,\"name\":\"Home\",\"item\":\"https:\\\/\\\/marketing.inttec-cloud.com\\\/\"},{\"@type\":\"ListItem\",\"position\":2,\"name\":\"Sectors IntTec\"}]},{\"@type\":\"WebSite\",\"@id\":\"https:\\\/\\\/marketing.inttec-cloud.com\\\/#website\",\"url\":\"https:\\\/\\\/marketing.inttec-cloud.com\\\/\",\"name\":\"IntTec - Integracions tecnol\u00f2giques 2016\",\"description\":\"Especialistes del dem\u00e0\",\"publisher\":{\"@id\":\"https:\\\/\\\/marketing.inttec-cloud.com\\\/#organization\"},\"potentialAction\":[{\"@type\":\"SearchAction\",\"target\":{\"@type\":\"EntryPoint\",\"urlTemplate\":\"https:\\\/\\\/marketing.inttec-cloud.com\\\/?s={search_term_string}\"},\"query-input\":{\"@type\":\"PropertyValueSpecification\",\"valueRequired\":true,\"valueName\":\"search_term_string\"}}],\"inLanguage\":\"ca\"},{\"@type\":\"Organization\",\"@id\":\"https:\\\/\\\/marketing.inttec-cloud.com\\\/#organization\",\"name\":\"IntTec - Solucions integrals\",\"url\":\"https:\\\/\\\/marketing.inttec-cloud.com\\\/\",\"logo\":{\"@type\":\"ImageObject\",\"inLanguage\":\"ca\",\"@id\":\"https:\\\/\\\/marketing.inttec-cloud.com\\\/#\\\/schema\\\/logo\\\/image\\\/\",\"url\":\"https:\\\/\\\/marketing.inttec-cloud.com\\\/wp-content\\\/uploads\\\/2022\\\/06\\\/logo.png\",\"contentUrl\":\"https:\\\/\\\/marketing.inttec-cloud.com\\\/wp-content\\\/uploads\\\/2022\\\/06\\\/logo.png\",\"width\":2909,\"height\":988,\"caption\":\"IntTec - Solucions integrals\"},\"image\":{\"@id\":\"https:\\\/\\\/marketing.inttec-cloud.com\\\/#\\\/schema\\\/logo\\\/image\\\/\"},\"sameAs\":[\"https:\\\/\\\/www.linkedin.com\\\/company\\\/integracions-tecnologiques-2016-sl\\\/mycompany\\\/?viewAsMember=true\"]}]}<\/script>\n<!-- \/ Yoast SEO plugin. -->","yoast_head_json":{"title":"Sectors IntTec - IntTec - Integracions tecnol\u00f2giques 2016","description":"A IntTec tenim experi\u00e8ncia en una gran varietat de sectors industrials i una gran cartera de clients que confien en la nostra professionalitat","robots":{"index":"index","follow":"follow","max-snippet":"max-snippet:-1","max-image-preview":"max-image-preview:large","max-video-preview":"max-video-preview:-1"},"canonical":"https:\/\/marketing.inttec-cloud.com\/index.php\/sectors-inttec\/","og_locale":"ca_ES","og_type":"article","og_title":"Sectors IntTec - IntTec - Integracions tecnol\u00f2giques 2016","og_description":"A IntTec tenim experi\u00e8ncia en una gran varietat de sectors industrials i una gran cartera de clients que confien en la nostra professionalitat","og_url":"https:\/\/marketing.inttec-cloud.com\/index.php\/sectors-inttec\/","og_site_name":"IntTec - Integracions tecnol\u00f2giques 2016","article_modified_time":"2022-10-19T03:50:11+00:00","og_image":[{"width":640,"height":192,"url":"https:\/\/marketing.inttec-cloud.com\/wp-content\/uploads\/2022\/09\/fabricas.jpg","type":"image\/jpeg"}],"twitter_card":"summary_large_image","twitter_misc":{"Temps estimat de lectura":"4 minuts"},"schema":{"@context":"https:\/\/schema.org","@graph":[{"@type":"WebPage","@id":"https:\/\/marketing.inttec-cloud.com\/index.php\/sectors-inttec\/","url":"https:\/\/marketing.inttec-cloud.com\/index.php\/sectors-inttec\/","name":"Sectors IntTec - IntTec - Integracions tecnol\u00f2giques 2016","isPartOf":{"@id":"https:\/\/marketing.inttec-cloud.com\/#website"},"primaryImageOfPage":{"@id":"https:\/\/marketing.inttec-cloud.com\/index.php\/sectors-inttec\/#primaryimage"},"image":{"@id":"https:\/\/marketing.inttec-cloud.com\/index.php\/sectors-inttec\/#primaryimage"},"thumbnailUrl":"https:\/\/marketing.inttec-cloud.com\/wp-content\/uploads\/2022\/09\/fabricas.jpg","datePublished":"2022-08-03T09:25:47+00:00","dateModified":"2022-10-19T03:50:11+00:00","description":"A IntTec tenim experi\u00e8ncia en una gran varietat de sectors industrials i una gran cartera de clients que confien en la nostra professionalitat","breadcrumb":{"@id":"https:\/\/marketing.inttec-cloud.com\/index.php\/sectors-inttec\/#breadcrumb"},"inLanguage":"ca","potentialAction":[{"@type":"ReadAction","target":["https:\/\/marketing.inttec-cloud.com\/index.php\/sectors-inttec\/"]}]},{"@type":"ImageObject","inLanguage":"ca","@id":"https:\/\/marketing.inttec-cloud.com\/index.php\/sectors-inttec\/#primaryimage","url":"https:\/\/marketing.inttec-cloud.com\/wp-content\/uploads\/2022\/09\/fabricas.jpg","contentUrl":"https:\/\/marketing.inttec-cloud.com\/wp-content\/uploads\/2022\/09\/fabricas.jpg","width":640,"height":192,"caption":"Sectors d'actuaci\u00f3 d'IntTec - Fabricas - Sectores de IntTec"},{"@type":"BreadcrumbList","@id":"https:\/\/marketing.inttec-cloud.com\/index.php\/sectors-inttec\/#breadcrumb","itemListElement":[{"@type":"ListItem","position":1,"name":"Home","item":"https:\/\/marketing.inttec-cloud.com\/"},{"@type":"ListItem","position":2,"name":"Sectors IntTec"}]},{"@type":"WebSite","@id":"https:\/\/marketing.inttec-cloud.com\/#website","url":"https:\/\/marketing.inttec-cloud.com\/","name":"IntTec - Integracions tecnol\u00f2giques 2016","description":"Especialistes del dem\u00e0","publisher":{"@id":"https:\/\/marketing.inttec-cloud.com\/#organization"},"potentialAction":[{"@type":"SearchAction","target":{"@type":"EntryPoint","urlTemplate":"https:\/\/marketing.inttec-cloud.com\/?s={search_term_string}"},"query-input":{"@type":"PropertyValueSpecification","valueRequired":true,"valueName":"search_term_string"}}],"inLanguage":"ca"},{"@type":"Organization","@id":"https:\/\/marketing.inttec-cloud.com\/#organization","name":"IntTec - Solucions integrals","url":"https:\/\/marketing.inttec-cloud.com\/","logo":{"@type":"ImageObject","inLanguage":"ca","@id":"https:\/\/marketing.inttec-cloud.com\/#\/schema\/logo\/image\/","url":"https:\/\/marketing.inttec-cloud.com\/wp-content\/uploads\/2022\/06\/logo.png","contentUrl":"https:\/\/marketing.inttec-cloud.com\/wp-content\/uploads\/2022\/06\/logo.png","width":2909,"height":988,"caption":"IntTec - Solucions integrals"},"image":{"@id":"https:\/\/marketing.inttec-cloud.com\/#\/schema\/logo\/image\/"},"sameAs":["https:\/\/www.linkedin.com\/company\/integracions-tecnologiques-2016-sl\/mycompany\/?viewAsMember=true"]}]}},"_links":{"self":[{"href":"https:\/\/marketing.inttec-cloud.com\/index.php\/wp-json\/wp\/v2\/pages\/833","targetHints":{"allow":["GET"]}}],"collection":[{"href":"https:\/\/marketing.inttec-cloud.com\/index.php\/wp-json\/wp\/v2\/pages"}],"about":[{"href":"https:\/\/marketing.inttec-cloud.com\/index.php\/wp-json\/wp\/v2\/types\/page"}],"author":[{"embeddable":true,"href":"https:\/\/marketing.inttec-cloud.com\/index.php\/wp-json\/wp\/v2\/users\/1"}],"replies":[{"embeddable":true,"href":"https:\/\/marketing.inttec-cloud.com\/index.php\/wp-json\/wp\/v2\/comments?post=833"}],"version-history":[{"count":8,"href":"https:\/\/marketing.inttec-cloud.com\/index.php\/wp-json\/wp\/v2\/pages\/833\/revisions"}],"predecessor-version":[{"id":1271,"href":"https:\/\/marketing.inttec-cloud.com\/index.php\/wp-json\/wp\/v2\/pages\/833\/revisions\/1271"}],"wp:featuredmedia":[{"embeddable":true,"href":"https:\/\/marketing.inttec-cloud.com\/index.php\/wp-json\/wp\/v2\/media\/1106"}],"wp:attachment":[{"href":"https:\/\/marketing.inttec-cloud.com\/index.php\/wp-json\/wp\/v2\/media?parent=833"}],"curies":[{"name":"wp","href":"https:\/\/api.w.org\/{rel}","templated":true}]}}