{"id":703,"date":"2022-07-26T15:39:41","date_gmt":"2022-07-26T15:39:41","guid":{"rendered":"https:\/\/marketing.inttec-cloud.com\/?page_id=703"},"modified":"2022-09-19T02:24:11","modified_gmt":"2022-09-19T02:24:11","slug":"automatitzacio","status":"publish","type":"page","link":"https:\/\/marketing.inttec-cloud.com\/index.php\/automatitzacio\/","title":{"rendered":"Automatitzaci\u00f3"},"content":{"rendered":"\n<p>Vols treure el m\u00e0xim rendiment de la teva producci\u00f3? Automatitza! Transfereix tasques de producci\u00f3 a la tecnologia i t&#8217;estalviar\u00e0s processos repetitius, fent-los de forma m\u00e9s r\u00e0pida i m\u00e9s precisa. <\/p>\n\n\n\n<p>A IntTec, al llarg de molts anys, ens hem especialitzat a trobar les solucions m\u00e9s bones per a cada tipus de producci\u00f3, integrant sistemes per millorar la velocitat, fiabilitat i facilitat d&#8217;\u00fas de cada proc\u00e9s. <\/p>\n\n\n\n<p>Els nostres equips estan especialitzats en els dos camps d&#8217;aquest proc\u00e9s; el mec\u00e0nic i l&#8217;inform\u00e0tic, cadasc\u00fa aportant el seu coneixement i treballant en grup per obtenir el millor resultat. <\/p>\n\n\n\n<div class=\"wp-block-group\"><div class=\"wp-block-group__inner-container is-layout-flow wp-block-group-is-layout-flow\">\n<h2 class=\"has-text-align-center has-white-color has-text-color wp-block-heading\"><\/h2>\n<\/div><\/div>\n\n\n\n<div class=\"wp-block-group alignwide cadenaautomat is-content-justification-center is-nowrap is-layout-flex wp-container-core-group-is-layout-94bc23d7 wp-block-group-is-layout-flex\">\n<div class=\"wp-block-cover is-light\" style=\"min-height:453px;aspect-ratio:unset;\"><span aria-hidden=\"true\" class=\"wp-block-cover__background has-background-dim\"><\/span><img loading=\"lazy\" decoding=\"async\" width=\"1024\" height=\"683\" class=\"wp-block-cover__image-background wp-image-859\" alt=\"Tipus d'instal\u00b7lacions\" src=\"https:\/\/marketing.inttec-cloud.com\/wp-content\/uploads\/2022\/08\/armaris-omron-2.jpg\" data-object-fit=\"cover\" srcset=\"https:\/\/marketing.inttec-cloud.com\/wp-content\/uploads\/2022\/08\/armaris-omron-2.jpg 1024w, https:\/\/marketing.inttec-cloud.com\/wp-content\/uploads\/2022\/08\/armaris-omron-2-300x200.jpg 300w, https:\/\/marketing.inttec-cloud.com\/wp-content\/uploads\/2022\/08\/armaris-omron-2-768x512.jpg 768w, https:\/\/marketing.inttec-cloud.com\/wp-content\/uploads\/2022\/08\/armaris-omron-2-360x240.jpg 360w\" sizes=\"auto, (max-width: 1024px) 100vw, 1024px\" \/><div class=\"wp-block-cover__inner-container is-layout-flow wp-block-cover-is-layout-flow\">\n<p class=\"has-text-align-center has-white-color has-text-color has-large-font-size\"><a href=\"https:\/\/marketing.inttec-cloud.com\/index.php\/tipus-de-installacions\/\">Tipus de instal\u00b7lacions<\/a><\/p>\n<\/div><\/div>\n\n\n\n<div class=\"wp-block-cover is-light\" style=\"min-height:451px;aspect-ratio:unset;\"><span aria-hidden=\"true\" class=\"wp-block-cover__background has-background-dim\"><\/span><img loading=\"lazy\" decoding=\"async\" width=\"1024\" height=\"739\" class=\"wp-block-cover__image-background wp-image-862\" alt=\"Programaci\u00f3 instal\u00b7lacions\" src=\"https:\/\/marketing.inttec-cloud.com\/wp-content\/uploads\/2022\/08\/siemens-win-cc-1024x739.jpg\" data-object-fit=\"cover\" srcset=\"https:\/\/marketing.inttec-cloud.com\/wp-content\/uploads\/2022\/08\/siemens-win-cc-1024x739.jpg 1024w, https:\/\/marketing.inttec-cloud.com\/wp-content\/uploads\/2022\/08\/siemens-win-cc-300x217.jpg 300w, https:\/\/marketing.inttec-cloud.com\/wp-content\/uploads\/2022\/08\/siemens-win-cc-768x555.jpg 768w, https:\/\/marketing.inttec-cloud.com\/wp-content\/uploads\/2022\/08\/siemens-win-cc-1536x1109.jpg 1536w, https:\/\/marketing.inttec-cloud.com\/wp-content\/uploads\/2022\/08\/siemens-win-cc-2048x1479.jpg 2048w\" sizes=\"auto, (max-width: 1024px) 100vw, 1024px\" \/><div class=\"wp-block-cover__inner-container is-layout-flow wp-block-cover-is-layout-flow\">\n<p class=\"has-text-align-center has-white-color has-text-color has-large-font-size\"><a href=\"https:\/\/marketing.inttec-cloud.com\/index.php\/tipus-programacio\/\">Tipus de programaci\u00f3<\/a><\/p>\n<\/div><\/div>\n\n\n\n<div class=\"wp-block-cover\" style=\"min-height:450px;aspect-ratio:unset;\"><span aria-hidden=\"true\" class=\"wp-block-cover__background has-background-dim\"><\/span><img loading=\"lazy\" decoding=\"async\" width=\"1024\" height=\"683\" class=\"wp-block-cover__image-background wp-image-863\" alt=\"Serveis integracions industrials\" src=\"https:\/\/marketing.inttec-cloud.com\/wp-content\/uploads\/2022\/08\/imagen-mantenimiento-1024x683.jpg\" data-object-fit=\"cover\" srcset=\"https:\/\/marketing.inttec-cloud.com\/wp-content\/uploads\/2022\/08\/imagen-mantenimiento-1024x683.jpg 1024w, https:\/\/marketing.inttec-cloud.com\/wp-content\/uploads\/2022\/08\/imagen-mantenimiento-300x200.jpg 300w, https:\/\/marketing.inttec-cloud.com\/wp-content\/uploads\/2022\/08\/imagen-mantenimiento-768x512.jpg 768w, https:\/\/marketing.inttec-cloud.com\/wp-content\/uploads\/2022\/08\/imagen-mantenimiento-1536x1024.jpg 1536w, https:\/\/marketing.inttec-cloud.com\/wp-content\/uploads\/2022\/08\/imagen-mantenimiento-360x240.jpg 360w, https:\/\/marketing.inttec-cloud.com\/wp-content\/uploads\/2022\/08\/imagen-mantenimiento.jpg 1600w\" sizes=\"auto, (max-width: 1024px) 100vw, 1024px\" \/><div class=\"wp-block-cover__inner-container is-layout-flow wp-block-cover-is-layout-flow\">\n<p class=\"has-text-align-center has-white-color has-text-color has-large-font-size\"><a href=\"https:\/\/marketing.inttec-cloud.com\/index.php\/serveis\/\">Serveis<\/a><\/p>\n<\/div><\/div>\n\n\n\n<div class=\"wp-block-cover\" style=\"min-height:450px;aspect-ratio:unset;\"><span aria-hidden=\"true\" class=\"wp-block-cover__background has-background-dim\"><\/span><img loading=\"lazy\" decoding=\"async\" width=\"1024\" height=\"576\" class=\"wp-block-cover__image-background wp-image-865\" alt=\"Sectors de la instal\u00b7laci\u00f3 industrial\" src=\"https:\/\/marketing.inttec-cloud.com\/wp-content\/uploads\/2022\/08\/automatitzacio-1024x576.jpg\" data-object-fit=\"cover\" srcset=\"https:\/\/marketing.inttec-cloud.com\/wp-content\/uploads\/2022\/08\/automatitzacio-1024x576.jpg 1024w, https:\/\/marketing.inttec-cloud.com\/wp-content\/uploads\/2022\/08\/automatitzacio-300x169.jpg 300w, https:\/\/marketing.inttec-cloud.com\/wp-content\/uploads\/2022\/08\/automatitzacio-768x432.jpg 768w, https:\/\/marketing.inttec-cloud.com\/wp-content\/uploads\/2022\/08\/automatitzacio.jpg 1280w\" sizes=\"auto, (max-width: 1024px) 100vw, 1024px\" \/><div class=\"wp-block-cover__inner-container is-layout-flow wp-block-cover-is-layout-flow\">\n<p class=\"has-text-align-center has-white-color has-text-color has-large-font-size\"><a href=\"https:\/\/marketing.inttec-cloud.com\/index.php\/sectors\/\">Sectors<\/a><\/p>\n<\/div><\/div>\n\n\n\n<div class=\"wp-block-cover is-light\" style=\"min-height:450px;aspect-ratio:unset;\"><span aria-hidden=\"true\" class=\"wp-block-cover__background has-background-dim\"><\/span><img loading=\"lazy\" decoding=\"async\" width=\"640\" height=\"256\" class=\"wp-block-cover__image-background wp-image-1231\" alt=\"Servei PostVenda - Proc\u00e9s de treball IntTec\" src=\"https:\/\/marketing.inttec-cloud.com\/wp-content\/uploads\/2022\/09\/servei-postvenda.jpg\" style=\"object-position:73% 67%\" data-object-fit=\"cover\" data-object-position=\"73% 67%\" srcset=\"https:\/\/marketing.inttec-cloud.com\/wp-content\/uploads\/2022\/09\/servei-postvenda.jpg 640w, https:\/\/marketing.inttec-cloud.com\/wp-content\/uploads\/2022\/09\/servei-postvenda-300x120.jpg 300w\" sizes=\"auto, (max-width: 640px) 100vw, 640px\" \/><div class=\"wp-block-cover__inner-container is-layout-flow wp-block-cover-is-layout-flow\">\n<p class=\"has-text-align-center has-white-color has-text-color has-large-font-size\"><a href=\"https:\/\/marketing.inttec-cloud.com\/index.php\/proces-installacio\/\">Proc\u00e9s de treball<\/a><\/p>\n<\/div><\/div>\n<\/div>\n\n\n\n<p class=\"has-text-align-center has-black-color has-text-color has-large-font-size\"><br><\/p>\n","protected":false},"excerpt":{"rendered":"<p>Vols treure el m\u00e0xim rendiment de la teva producci\u00f3? Automatitza! Transfereix tasques de producci\u00f3 a la tecnologia i t&#8217;estalviar\u00e0s processos repetitius, fent-los de forma m\u00e9s r\u00e0pida i m\u00e9s precisa. A IntTec, al llarg de molts anys, ens hem especialitzat a trobar les solucions m\u00e9s bones per a cada tipus de [&hellip;]<\/p>\n","protected":false},"author":1,"featured_media":79,"parent":0,"menu_order":0,"comment_status":"closed","ping_status":"closed","template":"","meta":{"_monsterinsights_skip_tracking":false,"_monsterinsights_sitenote_active":false,"_monsterinsights_sitenote_note":"","_monsterinsights_sitenote_category":0,"footnotes":""},"class_list":["post-703","page","type-page","status-publish","has-post-thumbnail","hentry"],"yoast_head":"<!-- This site is optimized with the Yoast SEO plugin v27.5 - https:\/\/yoast.com\/product\/yoast-seo-wordpress\/ -->\n<title>Automatitzaci\u00f3 - IntTec - Integracions tecnol\u00f2giques 2016<\/title>\n<meta name=\"robots\" content=\"index, follow, max-snippet:-1, max-image-preview:large, max-video-preview:-1\" \/>\n<link rel=\"canonical\" href=\"https:\/\/marketing.inttec-cloud.com\/index.php\/automatitzacio\/\" \/>\n<meta property=\"og:locale\" content=\"ca_ES\" \/>\n<meta property=\"og:type\" content=\"article\" \/>\n<meta property=\"og:title\" content=\"Automatitzaci\u00f3 - IntTec - Integracions tecnol\u00f2giques 2016\" \/>\n<meta property=\"og:description\" content=\"Vols treure el m\u00e0xim rendiment de la teva producci\u00f3? Automatitza! Transfereix tasques de producci\u00f3 a la tecnologia i t&#8217;estalviar\u00e0s processos repetitius, fent-los de forma m\u00e9s r\u00e0pida i m\u00e9s precisa. A IntTec, al llarg de molts anys, ens hem especialitzat a trobar les solucions m\u00e9s bones per a cada tipus de [&hellip;]\" \/>\n<meta property=\"og:url\" content=\"https:\/\/marketing.inttec-cloud.com\/index.php\/automatitzacio\/\" \/>\n<meta property=\"og:site_name\" content=\"IntTec - Integracions tecnol\u00f2giques 2016\" \/>\n<meta property=\"article:modified_time\" content=\"2022-09-19T02:24:11+00:00\" \/>\n<meta property=\"og:image\" content=\"https:\/\/marketing.inttec-cloud.com\/wp-content\/uploads\/2022\/07\/magatzem-automatic-robot.jpg\" \/>\n\t<meta property=\"og:image:width\" content=\"1750\" \/>\n\t<meta property=\"og:image:height\" content=\"1000\" \/>\n\t<meta property=\"og:image:type\" content=\"image\/jpeg\" \/>\n<meta name=\"twitter:card\" content=\"summary_large_image\" \/>\n<meta name=\"twitter:label1\" content=\"Temps estimat de lectura\" \/>\n\t<meta name=\"twitter:data1\" content=\"2 minuts\" \/>\n<script type=\"application\/ld+json\" class=\"yoast-schema-graph\">{\"@context\":\"https:\\\/\\\/schema.org\",\"@graph\":[{\"@type\":\"WebPage\",\"@id\":\"https:\\\/\\\/marketing.inttec-cloud.com\\\/index.php\\\/automatitzacio\\\/\",\"url\":\"https:\\\/\\\/marketing.inttec-cloud.com\\\/index.php\\\/automatitzacio\\\/\",\"name\":\"Automatitzaci\u00f3 - IntTec - Integracions tecnol\u00f2giques 2016\",\"isPartOf\":{\"@id\":\"https:\\\/\\\/marketing.inttec-cloud.com\\\/#website\"},\"primaryImageOfPage\":{\"@id\":\"https:\\\/\\\/marketing.inttec-cloud.com\\\/index.php\\\/automatitzacio\\\/#primaryimage\"},\"image\":{\"@id\":\"https:\\\/\\\/marketing.inttec-cloud.com\\\/index.php\\\/automatitzacio\\\/#primaryimage\"},\"thumbnailUrl\":\"https:\\\/\\\/marketing.inttec-cloud.com\\\/wp-content\\\/uploads\\\/2022\\\/07\\\/magatzem-automatic-robot.jpg\",\"datePublished\":\"2022-07-26T15:39:41+00:00\",\"dateModified\":\"2022-09-19T02:24:11+00:00\",\"breadcrumb\":{\"@id\":\"https:\\\/\\\/marketing.inttec-cloud.com\\\/index.php\\\/automatitzacio\\\/#breadcrumb\"},\"inLanguage\":\"ca\",\"potentialAction\":[{\"@type\":\"ReadAction\",\"target\":[\"https:\\\/\\\/marketing.inttec-cloud.com\\\/index.php\\\/automatitzacio\\\/\"]}]},{\"@type\":\"ImageObject\",\"inLanguage\":\"ca\",\"@id\":\"https:\\\/\\\/marketing.inttec-cloud.com\\\/index.php\\\/automatitzacio\\\/#primaryimage\",\"url\":\"https:\\\/\\\/marketing.inttec-cloud.com\\\/wp-content\\\/uploads\\\/2022\\\/07\\\/magatzem-automatic-robot.jpg\",\"contentUrl\":\"https:\\\/\\\/marketing.inttec-cloud.com\\\/wp-content\\\/uploads\\\/2022\\\/07\\\/magatzem-automatic-robot.jpg\",\"width\":1750,\"height\":1000},{\"@type\":\"BreadcrumbList\",\"@id\":\"https:\\\/\\\/marketing.inttec-cloud.com\\\/index.php\\\/automatitzacio\\\/#breadcrumb\",\"itemListElement\":[{\"@type\":\"ListItem\",\"position\":1,\"name\":\"Home\",\"item\":\"https:\\\/\\\/marketing.inttec-cloud.com\\\/\"},{\"@type\":\"ListItem\",\"position\":2,\"name\":\"Automatitzaci\u00f3\"}]},{\"@type\":\"WebSite\",\"@id\":\"https:\\\/\\\/marketing.inttec-cloud.com\\\/#website\",\"url\":\"https:\\\/\\\/marketing.inttec-cloud.com\\\/\",\"name\":\"IntTec - Integracions tecnol\u00f2giques 2016\",\"description\":\"Especialistes del dem\u00e0\",\"publisher\":{\"@id\":\"https:\\\/\\\/marketing.inttec-cloud.com\\\/#organization\"},\"potentialAction\":[{\"@type\":\"SearchAction\",\"target\":{\"@type\":\"EntryPoint\",\"urlTemplate\":\"https:\\\/\\\/marketing.inttec-cloud.com\\\/?s={search_term_string}\"},\"query-input\":{\"@type\":\"PropertyValueSpecification\",\"valueRequired\":true,\"valueName\":\"search_term_string\"}}],\"inLanguage\":\"ca\"},{\"@type\":\"Organization\",\"@id\":\"https:\\\/\\\/marketing.inttec-cloud.com\\\/#organization\",\"name\":\"IntTec - Solucions integrals\",\"url\":\"https:\\\/\\\/marketing.inttec-cloud.com\\\/\",\"logo\":{\"@type\":\"ImageObject\",\"inLanguage\":\"ca\",\"@id\":\"https:\\\/\\\/marketing.inttec-cloud.com\\\/#\\\/schema\\\/logo\\\/image\\\/\",\"url\":\"https:\\\/\\\/marketing.inttec-cloud.com\\\/wp-content\\\/uploads\\\/2022\\\/06\\\/logo.png\",\"contentUrl\":\"https:\\\/\\\/marketing.inttec-cloud.com\\\/wp-content\\\/uploads\\\/2022\\\/06\\\/logo.png\",\"width\":2909,\"height\":988,\"caption\":\"IntTec - Solucions integrals\"},\"image\":{\"@id\":\"https:\\\/\\\/marketing.inttec-cloud.com\\\/#\\\/schema\\\/logo\\\/image\\\/\"},\"sameAs\":[\"https:\\\/\\\/www.linkedin.com\\\/company\\\/integracions-tecnologiques-2016-sl\\\/mycompany\\\/?viewAsMember=true\"]}]}<\/script>\n<!-- \/ Yoast SEO plugin. -->","yoast_head_json":{"title":"Automatitzaci\u00f3 - IntTec - Integracions tecnol\u00f2giques 2016","robots":{"index":"index","follow":"follow","max-snippet":"max-snippet:-1","max-image-preview":"max-image-preview:large","max-video-preview":"max-video-preview:-1"},"canonical":"https:\/\/marketing.inttec-cloud.com\/index.php\/automatitzacio\/","og_locale":"ca_ES","og_type":"article","og_title":"Automatitzaci\u00f3 - IntTec - Integracions tecnol\u00f2giques 2016","og_description":"Vols treure el m\u00e0xim rendiment de la teva producci\u00f3? Automatitza! Transfereix tasques de producci\u00f3 a la tecnologia i t&#8217;estalviar\u00e0s processos repetitius, fent-los de forma m\u00e9s r\u00e0pida i m\u00e9s precisa. A IntTec, al llarg de molts anys, ens hem especialitzat a trobar les solucions m\u00e9s bones per a cada tipus de [&hellip;]","og_url":"https:\/\/marketing.inttec-cloud.com\/index.php\/automatitzacio\/","og_site_name":"IntTec - Integracions tecnol\u00f2giques 2016","article_modified_time":"2022-09-19T02:24:11+00:00","og_image":[{"width":1750,"height":1000,"url":"https:\/\/marketing.inttec-cloud.com\/wp-content\/uploads\/2022\/07\/magatzem-automatic-robot.jpg","type":"image\/jpeg"}],"twitter_card":"summary_large_image","twitter_misc":{"Temps estimat de lectura":"2 minuts"},"schema":{"@context":"https:\/\/schema.org","@graph":[{"@type":"WebPage","@id":"https:\/\/marketing.inttec-cloud.com\/index.php\/automatitzacio\/","url":"https:\/\/marketing.inttec-cloud.com\/index.php\/automatitzacio\/","name":"Automatitzaci\u00f3 - IntTec - Integracions tecnol\u00f2giques 2016","isPartOf":{"@id":"https:\/\/marketing.inttec-cloud.com\/#website"},"primaryImageOfPage":{"@id":"https:\/\/marketing.inttec-cloud.com\/index.php\/automatitzacio\/#primaryimage"},"image":{"@id":"https:\/\/marketing.inttec-cloud.com\/index.php\/automatitzacio\/#primaryimage"},"thumbnailUrl":"https:\/\/marketing.inttec-cloud.com\/wp-content\/uploads\/2022\/07\/magatzem-automatic-robot.jpg","datePublished":"2022-07-26T15:39:41+00:00","dateModified":"2022-09-19T02:24:11+00:00","breadcrumb":{"@id":"https:\/\/marketing.inttec-cloud.com\/index.php\/automatitzacio\/#breadcrumb"},"inLanguage":"ca","potentialAction":[{"@type":"ReadAction","target":["https:\/\/marketing.inttec-cloud.com\/index.php\/automatitzacio\/"]}]},{"@type":"ImageObject","inLanguage":"ca","@id":"https:\/\/marketing.inttec-cloud.com\/index.php\/automatitzacio\/#primaryimage","url":"https:\/\/marketing.inttec-cloud.com\/wp-content\/uploads\/2022\/07\/magatzem-automatic-robot.jpg","contentUrl":"https:\/\/marketing.inttec-cloud.com\/wp-content\/uploads\/2022\/07\/magatzem-automatic-robot.jpg","width":1750,"height":1000},{"@type":"BreadcrumbList","@id":"https:\/\/marketing.inttec-cloud.com\/index.php\/automatitzacio\/#breadcrumb","itemListElement":[{"@type":"ListItem","position":1,"name":"Home","item":"https:\/\/marketing.inttec-cloud.com\/"},{"@type":"ListItem","position":2,"name":"Automatitzaci\u00f3"}]},{"@type":"WebSite","@id":"https:\/\/marketing.inttec-cloud.com\/#website","url":"https:\/\/marketing.inttec-cloud.com\/","name":"IntTec - Integracions tecnol\u00f2giques 2016","description":"Especialistes del dem\u00e0","publisher":{"@id":"https:\/\/marketing.inttec-cloud.com\/#organization"},"potentialAction":[{"@type":"SearchAction","target":{"@type":"EntryPoint","urlTemplate":"https:\/\/marketing.inttec-cloud.com\/?s={search_term_string}"},"query-input":{"@type":"PropertyValueSpecification","valueRequired":true,"valueName":"search_term_string"}}],"inLanguage":"ca"},{"@type":"Organization","@id":"https:\/\/marketing.inttec-cloud.com\/#organization","name":"IntTec - Solucions integrals","url":"https:\/\/marketing.inttec-cloud.com\/","logo":{"@type":"ImageObject","inLanguage":"ca","@id":"https:\/\/marketing.inttec-cloud.com\/#\/schema\/logo\/image\/","url":"https:\/\/marketing.inttec-cloud.com\/wp-content\/uploads\/2022\/06\/logo.png","contentUrl":"https:\/\/marketing.inttec-cloud.com\/wp-content\/uploads\/2022\/06\/logo.png","width":2909,"height":988,"caption":"IntTec - Solucions integrals"},"image":{"@id":"https:\/\/marketing.inttec-cloud.com\/#\/schema\/logo\/image\/"},"sameAs":["https:\/\/www.linkedin.com\/company\/integracions-tecnologiques-2016-sl\/mycompany\/?viewAsMember=true"]}]}},"_links":{"self":[{"href":"https:\/\/marketing.inttec-cloud.com\/index.php\/wp-json\/wp\/v2\/pages\/703","targetHints":{"allow":["GET"]}}],"collection":[{"href":"https:\/\/marketing.inttec-cloud.com\/index.php\/wp-json\/wp\/v2\/pages"}],"about":[{"href":"https:\/\/marketing.inttec-cloud.com\/index.php\/wp-json\/wp\/v2\/types\/page"}],"author":[{"embeddable":true,"href":"https:\/\/marketing.inttec-cloud.com\/index.php\/wp-json\/wp\/v2\/users\/1"}],"replies":[{"embeddable":true,"href":"https:\/\/marketing.inttec-cloud.com\/index.php\/wp-json\/wp\/v2\/comments?post=703"}],"version-history":[{"count":11,"href":"https:\/\/marketing.inttec-cloud.com\/index.php\/wp-json\/wp\/v2\/pages\/703\/revisions"}],"predecessor-version":[{"id":1241,"href":"https:\/\/marketing.inttec-cloud.com\/index.php\/wp-json\/wp\/v2\/pages\/703\/revisions\/1241"}],"wp:featuredmedia":[{"embeddable":true,"href":"https:\/\/marketing.inttec-cloud.com\/index.php\/wp-json\/wp\/v2\/media\/79"}],"wp:attachment":[{"href":"https:\/\/marketing.inttec-cloud.com\/index.php\/wp-json\/wp\/v2\/media?parent=703"}],"curies":[{"name":"wp","href":"https:\/\/api.w.org\/{rel}","templated":true}]}}