{"id":70,"date":"2022-07-01T13:46:57","date_gmt":"2022-07-01T13:46:57","guid":{"rendered":"https:\/\/marketing.inttec-cloud.com\/?page_id=70"},"modified":"2022-07-18T15:47:36","modified_gmt":"2022-07-18T15:47:36","slug":"contacte","status":"publish","type":"page","link":"https:\/\/marketing.inttec-cloud.com\/index.php\/contacte\/","title":{"rendered":"Contacte"},"content":{"rendered":"\n<div style=\"width: 100%\"><iframe loading=\"lazy\" width=\"100%\" height=\"400\" frameborder=\"0\" scrolling=\"no\" marginheight=\"0\" marginwidth=\"0\" src=\"https:\/\/www.google.com\/maps\/embed?pb=!1m18!1m12!1m3!1d2966.564861386344!2d2.772597115443895!3d41.966680629215396!2m3!1f0!2f0!3f0!3m2!1i1024!2i768!4f13.1!3m3!1m2!1s0x12bae73311d00001%3A0x54cf0210f919c7c5!2sINTEGRACIONS%20TECNOL%C3%92GIQUES!5e0!3m2!1ses!2ses!4v1656682848403!5m2!1ses!2ses\"><\/iframe><\/div>\n\n\n\n<hr class=\"wp-block-separator has-alpha-channel-opacity\"\/>\n\n\n\n<h2 class=\"has-text-align-center has-accent-color has-text-color wp-block-heading\"><strong>VOLS M\u00c9S INFORMACI\u00d3?<\/strong><\/h2>\n\n\n\n<div class=\"wp-block-columns container is-layout-flex wp-container-core-columns-is-layout-9d6595d7 wp-block-columns-is-layout-flex\">\n<div class=\"wp-block-column is-vertically-aligned-center is-layout-flow wp-block-column-is-layout-flow\">\n<h2 class=\"hestia-title has-accent-color has-text-color wp-block-heading\">Envia&#8217;ns un missatge<\/h2>\n\n\n<div class=\"wpforms-container wpforms-container-full wpforms-block\" id=\"wpforms-279\"><form id=\"wpforms-form-279\" class=\"wpforms-validate wpforms-form wpforms-ajax-form\" data-formid=\"279\" method=\"post\" enctype=\"multipart\/form-data\" action=\"\/index.php\/wp-json\/wp\/v2\/pages\/70\" data-token=\"c9a2595e3c3a5d16770b6b9febbc8e9d\" data-token-time=\"1776502264\"><noscript class=\"wpforms-error-noscript\">Activeu el JavaScript al navegador per a poder completar el formulari.<\/noscript><div class=\"wpforms-field-container\"><div id=\"wpforms-279-field_0-container\" class=\"wpforms-field wpforms-field-name\" data-field-id=\"0\"><label class=\"wpforms-field-label\" for=\"wpforms-279-field_0\">Noms i cognoms <span class=\"wpforms-required-label\">*<\/span><\/label><input type=\"text\" id=\"wpforms-279-field_0\" class=\"wpforms-field-medium wpforms-field-required\" name=\"wpforms[fields][0]\" required><\/div><div id=\"wpforms-279-field_3-container\" class=\"wpforms-field wpforms-field-text\" data-field-id=\"3\"><label class=\"wpforms-field-label\" for=\"wpforms-279-field_3\">Empresa <span class=\"wpforms-required-label\">*<\/span><\/label><input type=\"text\" id=\"wpforms-279-field_3\" class=\"wpforms-field-medium wpforms-field-required\" name=\"wpforms[fields][3]\" required><\/div><div id=\"wpforms-279-field_1-container\" class=\"wpforms-field wpforms-field-email\" data-field-id=\"1\"><label class=\"wpforms-field-label\" for=\"wpforms-279-field_1\">Email <span class=\"wpforms-required-label\">*<\/span><\/label><input type=\"email\" id=\"wpforms-279-field_1\" class=\"wpforms-field-medium wpforms-field-required\" name=\"wpforms[fields][1]\" spellcheck=\"false\" required><\/div><div id=\"wpforms-279-field_2-container\" class=\"wpforms-field wpforms-field-textarea\" data-field-id=\"2\"><label class=\"wpforms-field-label\" for=\"wpforms-279-field_2\">En qu\u00e8 et podem ajudar? <span class=\"wpforms-required-label\">*<\/span><\/label><textarea id=\"wpforms-279-field_2\" class=\"wpforms-field-medium wpforms-field-required\" name=\"wpforms[fields][2]\" required><\/textarea><\/div><\/div><!-- .wpforms-field-container --><div class=\"wpforms-submit-container\" ><input type=\"hidden\" name=\"wpforms[id]\" value=\"279\"><input type=\"hidden\" name=\"page_title\" value=\"\"><input type=\"hidden\" name=\"page_url\" value=\"https:\/\/marketing.inttec-cloud.com\/index.php\/wp-json\/wp\/v2\/pages\/70\"><input type=\"hidden\" name=\"url_referer\" value=\"\"><button type=\"submit\" name=\"wpforms[submit]\" id=\"wpforms-submit-279\" class=\"wpforms-submit\" data-alt-text=\"Enviant....\" data-submit-text=\"Enviar\" aria-live=\"assertive\" value=\"wpforms-submit\">Enviar<\/button><img loading=\"lazy\" decoding=\"async\" src=\"https:\/\/marketing.inttec-cloud.com\/wp-content\/plugins\/wpforms-lite\/assets\/images\/submit-spin.svg\" class=\"wpforms-submit-spinner\" style=\"display: none;\" width=\"26\" height=\"26\" alt=\"S&#039;est\u00e0 carregant\"><\/div><\/form><\/div>  <!-- .wpforms-container -->\n\n\n<div style=\"height:40px\" aria-hidden=\"true\" class=\"wp-block-spacer\"><\/div>\n<\/div>\n\n\n\n<div class=\"wp-block-column is-vertically-aligned-center is-layout-flow wp-block-column-is-layout-flow\">\n<div class=\"wp-block-columns is-layout-flex wp-container-core-columns-is-layout-9d6595d7 wp-block-columns-is-layout-flex\">\n<div class=\"wp-block-column is-layout-flow wp-block-column-is-layout-flow\"><\/div>\n\n\n\n<div class=\"wp-block-column is-layout-flow wp-block-column-is-layout-flow\" style=\"flex-basis:50%\">\n<h4 class=\"has-text-align-left hestia-title has-accent-color has-text-color wp-block-heading\" style=\"font-size:18px\"><img decoding=\"async\" class=\"wp-image-86\" style=\"width: 25px;\" src=\"https:\/\/burset.inttec-cloud.com\/wp-content\/themes\/hestia\/assets\/img\/contact1.png\" alt=\"Map icon\"> Troba&#8217;ns a l&#8217;oficina<\/h4>\n\n\n\n<p style=\"font-size:14px\">Pol.Ind Torre Mirona&nbsp;Montfull\u00e0<\/p>\n\n\n\n<p style=\"font-size:14px\">Carrer Merc\u00e8 Rodoreda, 4<\/p>\n\n\n\n<p style=\"font-size:14px\">17162 Bescan\u00f3, Girona<\/p>\n\n\n\n<p style=\"font-size:14px\">Horari: Dilluns a divendres de 8.00 a 17.00<\/p>\n\n\n\n<div style=\"height:40px\" aria-hidden=\"true\" class=\"wp-block-spacer\"><\/div>\n\n\n\n<h4 class=\"has-text-align-left hestia-title has-accent-color has-text-color wp-block-heading\" style=\"font-size:18px\"><img decoding=\"async\" class=\"wp-image-98\" style=\"width: 25px;\" src=\"https:\/\/burset.inttec-cloud.com\/wp-content\/themes\/hestia\/assets\/img\/contact2.png\" alt=\"\">  <strong><strong>Truca&#8217;ns<\/strong><\/strong><\/h4>\n\n\n\n<p class=\"has-text-align-left has-text-color\" style=\"color:#999999;font-size:14px\"><strong>Tel\u00e8fon<\/strong> : 972 091 396<br>Dilluns a divendres de 8 a 17h<\/p>\n\n\n\n<div style=\"height:40px\" aria-hidden=\"true\" class=\"wp-block-spacer\"><\/div>\n<\/div>\n\n\n\n<div class=\"wp-block-column is-layout-flow wp-block-column-is-layout-flow\"><\/div>\n<\/div>\n<\/div>\n<\/div>\n","protected":false},"excerpt":{"rendered":"<p>VOLS M\u00c9S INFORMACI\u00d3? Envia&#8217;ns un missatge Troba&#8217;ns a l&#8217;oficina Pol.Ind Torre Mirona&nbsp;Montfull\u00e0 Carrer Merc\u00e8 Rodoreda, 4 17162 Bescan\u00f3, Girona Horari: Dilluns a divendres de 8.00 a 17.00 Truca&#8217;ns Tel\u00e8fon : 972 091 396Dilluns a divendres de 8 a 17h<\/p>\n","protected":false},"author":1,"featured_media":287,"parent":0,"menu_order":0,"comment_status":"closed","ping_status":"closed","template":"page-templates\/template-pagebuilder-full-width.php","meta":{"_monsterinsights_skip_tracking":false,"_monsterinsights_sitenote_active":false,"_monsterinsights_sitenote_note":"","_monsterinsights_sitenote_category":0,"footnotes":""},"class_list":["post-70","page","type-page","status-publish","has-post-thumbnail","hentry"],"yoast_head":"<!-- This site is optimized with the Yoast SEO plugin v27.4 - https:\/\/yoast.com\/product\/yoast-seo-wordpress\/ -->\n<title>Contacte - IntTec - Integracions tecnol\u00f2giques 2016<\/title>\n<meta name=\"robots\" content=\"index, follow, max-snippet:-1, max-image-preview:large, max-video-preview:-1\" \/>\n<link rel=\"canonical\" href=\"https:\/\/marketing.inttec-cloud.com\/index.php\/contacte\/\" \/>\n<meta property=\"og:locale\" content=\"ca_ES\" \/>\n<meta property=\"og:type\" content=\"article\" \/>\n<meta property=\"og:title\" content=\"Contacte - IntTec - Integracions tecnol\u00f2giques 2016\" \/>\n<meta property=\"og:description\" content=\"VOLS M\u00c9S INFORMACI\u00d3? Envia&#8217;ns un missatge Troba&#8217;ns a l&#8217;oficina Pol.Ind Torre Mirona&nbsp;Montfull\u00e0 Carrer Merc\u00e8 Rodoreda, 4 17162 Bescan\u00f3, Girona Horari: Dilluns a divendres de 8.00 a 17.00 Truca&#8217;ns Tel\u00e8fon : 972 091 396Dilluns a divendres de 8 a 17h\" \/>\n<meta property=\"og:url\" content=\"https:\/\/marketing.inttec-cloud.com\/index.php\/contacte\/\" \/>\n<meta property=\"og:site_name\" content=\"IntTec - Integracions tecnol\u00f2giques 2016\" \/>\n<meta property=\"article:modified_time\" content=\"2022-07-18T15:47:36+00:00\" \/>\n<meta property=\"og:image\" content=\"https:\/\/marketing.inttec-cloud.com\/wp-content\/uploads\/2022\/07\/business-handshake-of-two-men-demonstrating-their-agreement-to-sign-agreement-or-contract-between-their-firms-companies-enterprises.jpg\" \/>\n\t<meta property=\"og:image:width\" content=\"1500\" \/>\n\t<meta property=\"og:image:height\" content=\"844\" \/>\n\t<meta property=\"og:image:type\" content=\"image\/jpeg\" \/>\n<meta name=\"twitter:card\" content=\"summary_large_image\" \/>\n<meta name=\"twitter:label1\" content=\"Temps estimat de lectura\" \/>\n\t<meta name=\"twitter:data1\" content=\"1 minut\" \/>\n<script type=\"application\/ld+json\" class=\"yoast-schema-graph\">{\"@context\":\"https:\\\/\\\/schema.org\",\"@graph\":[{\"@type\":\"WebPage\",\"@id\":\"https:\\\/\\\/marketing.inttec-cloud.com\\\/index.php\\\/contacte\\\/\",\"url\":\"https:\\\/\\\/marketing.inttec-cloud.com\\\/index.php\\\/contacte\\\/\",\"name\":\"Contacte - IntTec - Integracions tecnol\u00f2giques 2016\",\"isPartOf\":{\"@id\":\"https:\\\/\\\/marketing.inttec-cloud.com\\\/#website\"},\"primaryImageOfPage\":{\"@id\":\"https:\\\/\\\/marketing.inttec-cloud.com\\\/index.php\\\/contacte\\\/#primaryimage\"},\"image\":{\"@id\":\"https:\\\/\\\/marketing.inttec-cloud.com\\\/index.php\\\/contacte\\\/#primaryimage\"},\"thumbnailUrl\":\"https:\\\/\\\/marketing.inttec-cloud.com\\\/wp-content\\\/uploads\\\/2022\\\/07\\\/business-handshake-of-two-men-demonstrating-their-agreement-to-sign-agreement-or-contract-between-their-firms-companies-enterprises.jpg\",\"datePublished\":\"2022-07-01T13:46:57+00:00\",\"dateModified\":\"2022-07-18T15:47:36+00:00\",\"breadcrumb\":{\"@id\":\"https:\\\/\\\/marketing.inttec-cloud.com\\\/index.php\\\/contacte\\\/#breadcrumb\"},\"inLanguage\":\"ca\",\"potentialAction\":[{\"@type\":\"ReadAction\",\"target\":[\"https:\\\/\\\/marketing.inttec-cloud.com\\\/index.php\\\/contacte\\\/\"]}]},{\"@type\":\"ImageObject\",\"inLanguage\":\"ca\",\"@id\":\"https:\\\/\\\/marketing.inttec-cloud.com\\\/index.php\\\/contacte\\\/#primaryimage\",\"url\":\"https:\\\/\\\/marketing.inttec-cloud.com\\\/wp-content\\\/uploads\\\/2022\\\/07\\\/business-handshake-of-two-men-demonstrating-their-agreement-to-sign-agreement-or-contract-between-their-firms-companies-enterprises.jpg\",\"contentUrl\":\"https:\\\/\\\/marketing.inttec-cloud.com\\\/wp-content\\\/uploads\\\/2022\\\/07\\\/business-handshake-of-two-men-demonstrating-their-agreement-to-sign-agreement-or-contract-between-their-firms-companies-enterprises.jpg\",\"width\":1500,\"height\":844},{\"@type\":\"BreadcrumbList\",\"@id\":\"https:\\\/\\\/marketing.inttec-cloud.com\\\/index.php\\\/contacte\\\/#breadcrumb\",\"itemListElement\":[{\"@type\":\"ListItem\",\"position\":1,\"name\":\"Home\",\"item\":\"https:\\\/\\\/marketing.inttec-cloud.com\\\/\"},{\"@type\":\"ListItem\",\"position\":2,\"name\":\"Contacte\"}]},{\"@type\":\"WebSite\",\"@id\":\"https:\\\/\\\/marketing.inttec-cloud.com\\\/#website\",\"url\":\"https:\\\/\\\/marketing.inttec-cloud.com\\\/\",\"name\":\"IntTec - Integracions tecnol\u00f2giques 2016\",\"description\":\"Especialistes del dem\u00e0\",\"publisher\":{\"@id\":\"https:\\\/\\\/marketing.inttec-cloud.com\\\/#organization\"},\"potentialAction\":[{\"@type\":\"SearchAction\",\"target\":{\"@type\":\"EntryPoint\",\"urlTemplate\":\"https:\\\/\\\/marketing.inttec-cloud.com\\\/?s={search_term_string}\"},\"query-input\":{\"@type\":\"PropertyValueSpecification\",\"valueRequired\":true,\"valueName\":\"search_term_string\"}}],\"inLanguage\":\"ca\"},{\"@type\":\"Organization\",\"@id\":\"https:\\\/\\\/marketing.inttec-cloud.com\\\/#organization\",\"name\":\"IntTec - Solucions integrals\",\"url\":\"https:\\\/\\\/marketing.inttec-cloud.com\\\/\",\"logo\":{\"@type\":\"ImageObject\",\"inLanguage\":\"ca\",\"@id\":\"https:\\\/\\\/marketing.inttec-cloud.com\\\/#\\\/schema\\\/logo\\\/image\\\/\",\"url\":\"https:\\\/\\\/marketing.inttec-cloud.com\\\/wp-content\\\/uploads\\\/2022\\\/06\\\/logo.png\",\"contentUrl\":\"https:\\\/\\\/marketing.inttec-cloud.com\\\/wp-content\\\/uploads\\\/2022\\\/06\\\/logo.png\",\"width\":2909,\"height\":988,\"caption\":\"IntTec - Solucions integrals\"},\"image\":{\"@id\":\"https:\\\/\\\/marketing.inttec-cloud.com\\\/#\\\/schema\\\/logo\\\/image\\\/\"},\"sameAs\":[\"https:\\\/\\\/www.linkedin.com\\\/company\\\/integracions-tecnologiques-2016-sl\\\/mycompany\\\/?viewAsMember=true\"]}]}<\/script>\n<!-- \/ Yoast SEO plugin. -->","yoast_head_json":{"title":"Contacte - IntTec - Integracions tecnol\u00f2giques 2016","robots":{"index":"index","follow":"follow","max-snippet":"max-snippet:-1","max-image-preview":"max-image-preview:large","max-video-preview":"max-video-preview:-1"},"canonical":"https:\/\/marketing.inttec-cloud.com\/index.php\/contacte\/","og_locale":"ca_ES","og_type":"article","og_title":"Contacte - IntTec - Integracions tecnol\u00f2giques 2016","og_description":"VOLS M\u00c9S INFORMACI\u00d3? Envia&#8217;ns un missatge Troba&#8217;ns a l&#8217;oficina Pol.Ind Torre Mirona&nbsp;Montfull\u00e0 Carrer Merc\u00e8 Rodoreda, 4 17162 Bescan\u00f3, Girona Horari: Dilluns a divendres de 8.00 a 17.00 Truca&#8217;ns Tel\u00e8fon : 972 091 396Dilluns a divendres de 8 a 17h","og_url":"https:\/\/marketing.inttec-cloud.com\/index.php\/contacte\/","og_site_name":"IntTec - Integracions tecnol\u00f2giques 2016","article_modified_time":"2022-07-18T15:47:36+00:00","og_image":[{"width":1500,"height":844,"url":"https:\/\/marketing.inttec-cloud.com\/wp-content\/uploads\/2022\/07\/business-handshake-of-two-men-demonstrating-their-agreement-to-sign-agreement-or-contract-between-their-firms-companies-enterprises.jpg","type":"image\/jpeg"}],"twitter_card":"summary_large_image","twitter_misc":{"Temps estimat de lectura":"1 minut"},"schema":{"@context":"https:\/\/schema.org","@graph":[{"@type":"WebPage","@id":"https:\/\/marketing.inttec-cloud.com\/index.php\/contacte\/","url":"https:\/\/marketing.inttec-cloud.com\/index.php\/contacte\/","name":"Contacte - IntTec - Integracions tecnol\u00f2giques 2016","isPartOf":{"@id":"https:\/\/marketing.inttec-cloud.com\/#website"},"primaryImageOfPage":{"@id":"https:\/\/marketing.inttec-cloud.com\/index.php\/contacte\/#primaryimage"},"image":{"@id":"https:\/\/marketing.inttec-cloud.com\/index.php\/contacte\/#primaryimage"},"thumbnailUrl":"https:\/\/marketing.inttec-cloud.com\/wp-content\/uploads\/2022\/07\/business-handshake-of-two-men-demonstrating-their-agreement-to-sign-agreement-or-contract-between-their-firms-companies-enterprises.jpg","datePublished":"2022-07-01T13:46:57+00:00","dateModified":"2022-07-18T15:47:36+00:00","breadcrumb":{"@id":"https:\/\/marketing.inttec-cloud.com\/index.php\/contacte\/#breadcrumb"},"inLanguage":"ca","potentialAction":[{"@type":"ReadAction","target":["https:\/\/marketing.inttec-cloud.com\/index.php\/contacte\/"]}]},{"@type":"ImageObject","inLanguage":"ca","@id":"https:\/\/marketing.inttec-cloud.com\/index.php\/contacte\/#primaryimage","url":"https:\/\/marketing.inttec-cloud.com\/wp-content\/uploads\/2022\/07\/business-handshake-of-two-men-demonstrating-their-agreement-to-sign-agreement-or-contract-between-their-firms-companies-enterprises.jpg","contentUrl":"https:\/\/marketing.inttec-cloud.com\/wp-content\/uploads\/2022\/07\/business-handshake-of-two-men-demonstrating-their-agreement-to-sign-agreement-or-contract-between-their-firms-companies-enterprises.jpg","width":1500,"height":844},{"@type":"BreadcrumbList","@id":"https:\/\/marketing.inttec-cloud.com\/index.php\/contacte\/#breadcrumb","itemListElement":[{"@type":"ListItem","position":1,"name":"Home","item":"https:\/\/marketing.inttec-cloud.com\/"},{"@type":"ListItem","position":2,"name":"Contacte"}]},{"@type":"WebSite","@id":"https:\/\/marketing.inttec-cloud.com\/#website","url":"https:\/\/marketing.inttec-cloud.com\/","name":"IntTec - Integracions tecnol\u00f2giques 2016","description":"Especialistes del dem\u00e0","publisher":{"@id":"https:\/\/marketing.inttec-cloud.com\/#organization"},"potentialAction":[{"@type":"SearchAction","target":{"@type":"EntryPoint","urlTemplate":"https:\/\/marketing.inttec-cloud.com\/?s={search_term_string}"},"query-input":{"@type":"PropertyValueSpecification","valueRequired":true,"valueName":"search_term_string"}}],"inLanguage":"ca"},{"@type":"Organization","@id":"https:\/\/marketing.inttec-cloud.com\/#organization","name":"IntTec - Solucions integrals","url":"https:\/\/marketing.inttec-cloud.com\/","logo":{"@type":"ImageObject","inLanguage":"ca","@id":"https:\/\/marketing.inttec-cloud.com\/#\/schema\/logo\/image\/","url":"https:\/\/marketing.inttec-cloud.com\/wp-content\/uploads\/2022\/06\/logo.png","contentUrl":"https:\/\/marketing.inttec-cloud.com\/wp-content\/uploads\/2022\/06\/logo.png","width":2909,"height":988,"caption":"IntTec - Solucions integrals"},"image":{"@id":"https:\/\/marketing.inttec-cloud.com\/#\/schema\/logo\/image\/"},"sameAs":["https:\/\/www.linkedin.com\/company\/integracions-tecnologiques-2016-sl\/mycompany\/?viewAsMember=true"]}]}},"_links":{"self":[{"href":"https:\/\/marketing.inttec-cloud.com\/index.php\/wp-json\/wp\/v2\/pages\/70","targetHints":{"allow":["GET"]}}],"collection":[{"href":"https:\/\/marketing.inttec-cloud.com\/index.php\/wp-json\/wp\/v2\/pages"}],"about":[{"href":"https:\/\/marketing.inttec-cloud.com\/index.php\/wp-json\/wp\/v2\/types\/page"}],"author":[{"embeddable":true,"href":"https:\/\/marketing.inttec-cloud.com\/index.php\/wp-json\/wp\/v2\/users\/1"}],"replies":[{"embeddable":true,"href":"https:\/\/marketing.inttec-cloud.com\/index.php\/wp-json\/wp\/v2\/comments?post=70"}],"version-history":[{"count":25,"href":"https:\/\/marketing.inttec-cloud.com\/index.php\/wp-json\/wp\/v2\/pages\/70\/revisions"}],"predecessor-version":[{"id":764,"href":"https:\/\/marketing.inttec-cloud.com\/index.php\/wp-json\/wp\/v2\/pages\/70\/revisions\/764"}],"wp:featuredmedia":[{"embeddable":true,"href":"https:\/\/marketing.inttec-cloud.com\/index.php\/wp-json\/wp\/v2\/media\/287"}],"wp:attachment":[{"href":"https:\/\/marketing.inttec-cloud.com\/index.php\/wp-json\/wp\/v2\/media?parent=70"}],"curies":[{"name":"wp","href":"https:\/\/api.w.org\/{rel}","templated":true}]}}