{"id":237,"date":"2022-07-05T14:47:52","date_gmt":"2022-07-05T14:47:52","guid":{"rendered":"https:\/\/marketing.inttec-cloud.com\/?page_id=237"},"modified":"2022-10-19T04:05:37","modified_gmt":"2022-10-19T04:05:37","slug":"que-fem-a-inttec","status":"publish","type":"page","link":"https:\/\/marketing.inttec-cloud.com\/index.php\/que-fem-a-inttec\/","title":{"rendered":"Qu\u00e8 fem a IntTec?"},"content":{"rendered":"\n<p>A <a href=\"https:\/\/www.linkedin.com\/company\/integracions-tecnologiques-2016-sl\/\">IntTec<\/a> ens dediquem a ajudar a empreses com la teva a millorar la seva producci\u00f3 i fer-la m\u00e9s rendible i eficient.<\/p>\n\n\n\n<p>Estem especialitzats en tota mena d&#8217;integracions tecnol\u00f2giques de la ind\u00fastria i fabricaci\u00f3. La nostra missi\u00f3 \u00e9s trobar maneres d&#8217;aplicar les tecnologies i solucions disponibles perqu\u00e8 treguis el m\u00e0xim rendiment del teu negoci. Et podem ajudar en <strong>l&#8217;automatitzaci\u00f3<\/strong>, la <strong>digitalitzaci\u00f3<\/strong> i el que s&#8217;anomena <strong>la 4a revoluci\u00f3 industrial<\/strong>. Et donarem l&#8217;assessorament i acompanyament necessari per a millorar la competitivitat i rendiment de la teva empresa. <\/p>\n\n\n\n<p>A partir del moment en qu\u00e8 treballis amb nosaltres, analitzarem la teva situaci\u00f3 i buscarem la soluci\u00f3 que m\u00e9s s&#8217;adapti a les teves necessitats. Oferint opcions i alternatives on m\u00e9s escaigui i acompanyant-te en la presa de decisions per a tenir unes millores de llarga durada. <\/p>\n\n\n\n<hr class=\"wp-block-separator has-alpha-channel-opacity is-style-wide\"\/>\n\n\n\n<div class=\"wp-block-media-text alignfull has-media-on-the-right is-stacked-on-mobile is-image-fill\" style=\"grid-template-columns:auto 23%\"><figure class=\"wp-block-media-text__media\" style=\"background-image:url(https:\/\/marketing.inttec-cloud.com\/wp-content\/uploads\/2022\/07\/arno-senoner-ynvV5b4zZM0-unsplash.jpg);background-position:50% 50%\"><img loading=\"lazy\" decoding=\"async\" width=\"640\" height=\"960\" src=\"https:\/\/marketing.inttec-cloud.com\/wp-content\/uploads\/2022\/07\/arno-senoner-ynvV5b4zZM0-unsplash.jpg\" alt=\"\" class=\"wp-image-342 size-full\" srcset=\"https:\/\/marketing.inttec-cloud.com\/wp-content\/uploads\/2022\/07\/arno-senoner-ynvV5b4zZM0-unsplash.jpg 640w, https:\/\/marketing.inttec-cloud.com\/wp-content\/uploads\/2022\/07\/arno-senoner-ynvV5b4zZM0-unsplash-200x300.jpg 200w\" sizes=\"auto, (max-width: 640px) 100vw, 640px\" \/><\/figure><div class=\"wp-block-media-text__content\">\n<h2 class=\"has-large-font-size wp-block-heading\"><a href=\"https:\/\/marketing.inttec-cloud.com\/index.php\/automatitzacio\/\">Automatitzaci\u00f3<\/a><\/h2>\n\n\n\n<p>Som especialistes amb llarga experi\u00e8ncia en aquest sector. Creem solucions a la vostra mida en control, regulaci\u00f3, supervisi\u00f3 i desenvolupament de software, fomentant la productivitat, qualitat i seguretat.<br>Les innovacions en software i hardware industrial permeten que un sistema de producci\u00f3 funcioni d\u2019una manera m\u00e9s segura, eficient i rendible.<br>Els nostres projectes van des de petits armaris per a l\u2019execuci\u00f3 autom\u00e0tica de maniobres senzilles, migracions de PLCs, posada en marxa d\u2019equips, fins a grans xarxes de PLCs per controlar i gestionar de manera totalment autom\u00e0tica complexos processos de fabricaci\u00f3.<\/p>\n\n\n\n<div class=\"wp-block-buttons alignfull is-content-justification-center is-layout-flex wp-container-core-buttons-is-layout-16018d1d wp-block-buttons-is-layout-flex\">\n<div class=\"wp-block-button\"><a class=\"wp-block-button__link has-accent-background-color has-background\" href=\"https:\/\/marketing.inttec-cloud.com\/index.php\/automatitzacio\/\">Descobreix +<\/a><\/div>\n<\/div>\n<\/div><\/div>\n\n\n\n<hr class=\"wp-block-separator has-alpha-channel-opacity is-style-wide\"\/>\n\n\n\n<div class=\"wp-block-media-text alignfull is-stacked-on-mobile is-image-fill\" style=\"grid-template-columns:30% auto\"><figure class=\"wp-block-media-text__media\" style=\"background-image:url(https:\/\/marketing.inttec-cloud.com\/wp-content\/uploads\/2022\/07\/thisisengineering-raeng-q9yJE97A44Q-unsplash.jpg);background-position:50% 50%\"><img loading=\"lazy\" decoding=\"async\" width=\"640\" height=\"960\" src=\"https:\/\/marketing.inttec-cloud.com\/wp-content\/uploads\/2022\/07\/thisisengineering-raeng-q9yJE97A44Q-unsplash.jpg\" alt=\"\" class=\"wp-image-343 size-full\" srcset=\"https:\/\/marketing.inttec-cloud.com\/wp-content\/uploads\/2022\/07\/thisisengineering-raeng-q9yJE97A44Q-unsplash.jpg 640w, https:\/\/marketing.inttec-cloud.com\/wp-content\/uploads\/2022\/07\/thisisengineering-raeng-q9yJE97A44Q-unsplash-200x300.jpg 200w\" sizes=\"auto, (max-width: 640px) 100vw, 640px\" \/><\/figure><div class=\"wp-block-media-text__content\">\n<h2 class=\"has-large-font-size wp-block-heading\"><a href=\"https:\/\/marketing.inttec-cloud.com\/index.php\/mes\/\">M.E.S <\/a><\/h2>\n\n\n\n<p>El Sistema MES (Manufacturing Execution System) \u00e9s una eina per redu\u00efr temps i costos de fabricaci\u00f3. S\u2019utilitza en la fabricaci\u00f3 per rastrejar i documentar la transformaci\u00f3 de mat\u00e8ries primeres en productes acabats. Est\u00e0 orientat a la planificaci\u00f3 i execuci\u00f3 de la producci\u00f3. D\u2019aquesta manera, el sistema ERP determina qu\u00e8 es fabrica i el sistema MES com es fabrica prenent decisions com: canvi de prioritat en les ordres de treball, connexi\u00f3 i desconnexi\u00f3 de m\u00e0quines i equips, flux de materials, ajust i lectura de par\u00e0metres de qualitat, assignaci\u00f3 de personal, reprogramaci\u00f3 d\u2019equips i m\u00e0quines, etc. Aquest software es nodreix i a la vegada retorna resultats en temps real de les dades provinents de la teva planta.  Proporciona informaci\u00f3 que t&#8217;ajudar\u00e0 a tu i als responsables de la presa de decisions de fabricaci\u00f3 a evolucionar i millorar els processos productius i de gesti\u00f3 de la planta.<\/p>\n<\/div><\/div>\n\n\n\n<hr class=\"wp-block-separator has-alpha-channel-opacity is-style-wide\"\/>\n\n\n\n<div class=\"wp-block-media-text alignfull has-media-on-the-right is-stacked-on-mobile is-image-fill\" style=\"grid-template-columns:auto 27%\"><figure class=\"wp-block-media-text__media\" style=\"background-image:url(https:\/\/marketing.inttec-cloud.com\/wp-content\/uploads\/2022\/07\/arno-senoner-yqu6tJkSQ_k-unsplash-1.jpg);background-position:50% 50%\"><img loading=\"lazy\" decoding=\"async\" width=\"640\" height=\"853\" src=\"https:\/\/marketing.inttec-cloud.com\/wp-content\/uploads\/2022\/07\/arno-senoner-yqu6tJkSQ_k-unsplash-1.jpg\" alt=\"\" class=\"wp-image-337 size-full\" srcset=\"https:\/\/marketing.inttec-cloud.com\/wp-content\/uploads\/2022\/07\/arno-senoner-yqu6tJkSQ_k-unsplash-1.jpg 640w, https:\/\/marketing.inttec-cloud.com\/wp-content\/uploads\/2022\/07\/arno-senoner-yqu6tJkSQ_k-unsplash-1-225x300.jpg 225w\" sizes=\"auto, (max-width: 640px) 100vw, 640px\" \/><\/figure><div class=\"wp-block-media-text__content\">\n<h2 class=\"has-large-font-size wp-block-heading\"><a href=\"https:\/\/marketing.inttec-cloud.com\/index.php\/industria-4-0\/\">IOT i Ind\u00fastria 4.0<\/a><\/h2>\n\n\n\n<p>La 4a revoluci\u00f3 industrial o la i4.0 \u00e9s un tren que est\u00e0 llan\u00e7at, que cada cop va m\u00e9s de pressa i al que cada cop \u00e9s m\u00e9s dif\u00edcil pujar-hi en marxa. Les empreses que ho assoleixin tindran m\u00e9s opcions de competir amb \u00e8xit.<\/p>\n\n\n\n<p>Entrem en una era on l\u2019evoluci\u00f3 de la tecnologia ser\u00e0 constant. Les noves exig\u00e8ncies de mercat (Time to Market, Just in Time, Paperless&#8230;) ens condueixen a una transformaci\u00f3 del model de negoci i alhora ens genera noves oportunitats.<\/p>\n\n\n\n<p>\u00c9s important per dissenyar aquesta transformaci\u00f3, avaluar on estem respecte a les tecnologies ja establertes, com ara ERP, MES i planificaci\u00f3 de producci\u00f3. Per aquest motiu des d&#8217;Inttec et volem ajudar a realitzar una diagnosi del punt on ens trobem. La Ind\u00fastria 4.0 pot ser una revoluci\u00f3, per\u00f2 per arribar-hi cal evolucionar des d\u2019estats anteriors.<\/p>\n\n\n\n<p>La digitalitzaci\u00f3 permet crear una c\u00f2pia virtual del m\u00f3n f\u00edsic (Digital Twin). Els sensors instal\u00b7lats ens ofereixen la base per recollir i emmagatzemar les dades al n\u00favol (Internet de les Coses \u2013 IOT), processar-les en temps real, analitzar-les i actuar d&#8217;acord amb elles, aix\u00ed com experimentar millores i estrat\u00e8gies de manera r\u00e0pida, a un baix cost i minimitzant els riscos.<\/p>\n\n\n\n<div class=\"wp-block-buttons alignfull is-content-justification-center is-layout-flex wp-container-core-buttons-is-layout-16018d1d wp-block-buttons-is-layout-flex\">\n<div class=\"wp-block-button\"><a class=\"wp-block-button__link has-accent-background-color has-background\" href=\"https:\/\/marketing.inttec-cloud.com\/index.php\/iot\/\">Descobreix +<\/a><\/div>\n<\/div>\n<\/div><\/div>\n\n\n\n<p><\/p>\n","protected":false},"excerpt":{"rendered":"<p>A IntTec ens dediquem a ajudar a empreses com la teva a millorar la seva producci\u00f3 i fer-la m\u00e9s rendible i eficient. Estem especialitzats en tota mena d&#8217;integracions tecnol\u00f2giques de la ind\u00fastria i fabricaci\u00f3. La nostra missi\u00f3 \u00e9s trobar maneres d&#8217;aplicar les tecnologies i solucions disponibles perqu\u00e8 treguis el m\u00e0xim [&hellip;]<\/p>\n","protected":false},"author":1,"featured_media":35,"parent":0,"menu_order":0,"comment_status":"closed","ping_status":"closed","template":"page-templates\/template-fullwidth.php","meta":{"_monsterinsights_skip_tracking":false,"_monsterinsights_sitenote_active":false,"_monsterinsights_sitenote_note":"","_monsterinsights_sitenote_category":0,"footnotes":""},"class_list":["post-237","page","type-page","status-publish","has-post-thumbnail","hentry"],"yoast_head":"<!-- This site is optimized with the Yoast SEO plugin v27.5 - https:\/\/yoast.com\/product\/yoast-seo-wordpress\/ -->\n<title>Qu\u00e8 fem a IntTec? - IntTec - Integracions tecnol\u00f2giques 2016<\/title>\n<meta name=\"description\" content=\"A IntTec ens dediquem a adaptar la teva empresa a les tecnologies m\u00e9s avan\u00e7ades i a ajudar-te a tenir una producci\u00f3 \u00f2ptima.\" \/>\n<meta name=\"robots\" content=\"index, follow, max-snippet:-1, max-image-preview:large, max-video-preview:-1\" \/>\n<link rel=\"canonical\" href=\"https:\/\/marketing.inttec-cloud.com\/index.php\/que-fem-a-inttec\/\" \/>\n<meta property=\"og:locale\" content=\"ca_ES\" \/>\n<meta property=\"og:type\" content=\"article\" \/>\n<meta property=\"og:title\" content=\"Qu\u00e8 fem a IntTec? - IntTec - Integracions tecnol\u00f2giques 2016\" \/>\n<meta property=\"og:description\" content=\"A IntTec ens dediquem a adaptar la teva empresa a les tecnologies m\u00e9s avan\u00e7ades i a ajudar-te a tenir una producci\u00f3 \u00f2ptima.\" \/>\n<meta property=\"og:url\" content=\"https:\/\/marketing.inttec-cloud.com\/index.php\/que-fem-a-inttec\/\" \/>\n<meta property=\"og:site_name\" content=\"IntTec - Integracions tecnol\u00f2giques 2016\" \/>\n<meta property=\"article:modified_time\" content=\"2022-10-19T04:05:37+00:00\" \/>\n<meta property=\"og:image\" content=\"https:\/\/marketing.inttec-cloud.com\/wp-content\/uploads\/2022\/06\/cropped-INDUSTRIA-4_0-white-e1656599685384.jpg\" \/>\n\t<meta property=\"og:image:width\" content=\"1920\" \/>\n\t<meta property=\"og:image:height\" content=\"1181\" \/>\n\t<meta property=\"og:image:type\" content=\"image\/jpeg\" \/>\n<meta name=\"twitter:card\" content=\"summary_large_image\" \/>\n<meta name=\"twitter:label1\" content=\"Temps estimat de lectura\" \/>\n\t<meta name=\"twitter:data1\" content=\"4 minuts\" \/>\n<script type=\"application\/ld+json\" class=\"yoast-schema-graph\">{\"@context\":\"https:\\\/\\\/schema.org\",\"@graph\":[{\"@type\":\"WebPage\",\"@id\":\"https:\\\/\\\/marketing.inttec-cloud.com\\\/index.php\\\/que-fem-a-inttec\\\/\",\"url\":\"https:\\\/\\\/marketing.inttec-cloud.com\\\/index.php\\\/que-fem-a-inttec\\\/\",\"name\":\"Qu\u00e8 fem a IntTec? - IntTec - Integracions tecnol\u00f2giques 2016\",\"isPartOf\":{\"@id\":\"https:\\\/\\\/marketing.inttec-cloud.com\\\/#website\"},\"primaryImageOfPage\":{\"@id\":\"https:\\\/\\\/marketing.inttec-cloud.com\\\/index.php\\\/que-fem-a-inttec\\\/#primaryimage\"},\"image\":{\"@id\":\"https:\\\/\\\/marketing.inttec-cloud.com\\\/index.php\\\/que-fem-a-inttec\\\/#primaryimage\"},\"thumbnailUrl\":\"https:\\\/\\\/marketing.inttec-cloud.com\\\/wp-content\\\/uploads\\\/2022\\\/06\\\/cropped-INDUSTRIA-4_0-white-e1656599685384.jpg\",\"datePublished\":\"2022-07-05T14:47:52+00:00\",\"dateModified\":\"2022-10-19T04:05:37+00:00\",\"description\":\"A IntTec ens dediquem a adaptar la teva empresa a les tecnologies m\u00e9s avan\u00e7ades i a ajudar-te a tenir una producci\u00f3 \u00f2ptima.\",\"breadcrumb\":{\"@id\":\"https:\\\/\\\/marketing.inttec-cloud.com\\\/index.php\\\/que-fem-a-inttec\\\/#breadcrumb\"},\"inLanguage\":\"ca\",\"potentialAction\":[{\"@type\":\"ReadAction\",\"target\":[\"https:\\\/\\\/marketing.inttec-cloud.com\\\/index.php\\\/que-fem-a-inttec\\\/\"]}]},{\"@type\":\"ImageObject\",\"inLanguage\":\"ca\",\"@id\":\"https:\\\/\\\/marketing.inttec-cloud.com\\\/index.php\\\/que-fem-a-inttec\\\/#primaryimage\",\"url\":\"https:\\\/\\\/marketing.inttec-cloud.com\\\/wp-content\\\/uploads\\\/2022\\\/06\\\/cropped-INDUSTRIA-4_0-white-e1656599685384.jpg\",\"contentUrl\":\"https:\\\/\\\/marketing.inttec-cloud.com\\\/wp-content\\\/uploads\\\/2022\\\/06\\\/cropped-INDUSTRIA-4_0-white-e1656599685384.jpg\",\"width\":1920,\"height\":1181},{\"@type\":\"BreadcrumbList\",\"@id\":\"https:\\\/\\\/marketing.inttec-cloud.com\\\/index.php\\\/que-fem-a-inttec\\\/#breadcrumb\",\"itemListElement\":[{\"@type\":\"ListItem\",\"position\":1,\"name\":\"Home\",\"item\":\"https:\\\/\\\/marketing.inttec-cloud.com\\\/\"},{\"@type\":\"ListItem\",\"position\":2,\"name\":\"Qu\u00e8 fem a IntTec?\"}]},{\"@type\":\"WebSite\",\"@id\":\"https:\\\/\\\/marketing.inttec-cloud.com\\\/#website\",\"url\":\"https:\\\/\\\/marketing.inttec-cloud.com\\\/\",\"name\":\"IntTec - Integracions tecnol\u00f2giques 2016\",\"description\":\"Especialistes del dem\u00e0\",\"publisher\":{\"@id\":\"https:\\\/\\\/marketing.inttec-cloud.com\\\/#organization\"},\"potentialAction\":[{\"@type\":\"SearchAction\",\"target\":{\"@type\":\"EntryPoint\",\"urlTemplate\":\"https:\\\/\\\/marketing.inttec-cloud.com\\\/?s={search_term_string}\"},\"query-input\":{\"@type\":\"PropertyValueSpecification\",\"valueRequired\":true,\"valueName\":\"search_term_string\"}}],\"inLanguage\":\"ca\"},{\"@type\":\"Organization\",\"@id\":\"https:\\\/\\\/marketing.inttec-cloud.com\\\/#organization\",\"name\":\"IntTec - Solucions integrals\",\"url\":\"https:\\\/\\\/marketing.inttec-cloud.com\\\/\",\"logo\":{\"@type\":\"ImageObject\",\"inLanguage\":\"ca\",\"@id\":\"https:\\\/\\\/marketing.inttec-cloud.com\\\/#\\\/schema\\\/logo\\\/image\\\/\",\"url\":\"https:\\\/\\\/marketing.inttec-cloud.com\\\/wp-content\\\/uploads\\\/2022\\\/06\\\/logo.png\",\"contentUrl\":\"https:\\\/\\\/marketing.inttec-cloud.com\\\/wp-content\\\/uploads\\\/2022\\\/06\\\/logo.png\",\"width\":2909,\"height\":988,\"caption\":\"IntTec - Solucions integrals\"},\"image\":{\"@id\":\"https:\\\/\\\/marketing.inttec-cloud.com\\\/#\\\/schema\\\/logo\\\/image\\\/\"},\"sameAs\":[\"https:\\\/\\\/www.linkedin.com\\\/company\\\/integracions-tecnologiques-2016-sl\\\/mycompany\\\/?viewAsMember=true\"]}]}<\/script>\n<!-- \/ Yoast SEO plugin. -->","yoast_head_json":{"title":"Qu\u00e8 fem a IntTec? - IntTec - Integracions tecnol\u00f2giques 2016","description":"A IntTec ens dediquem a adaptar la teva empresa a les tecnologies m\u00e9s avan\u00e7ades i a ajudar-te a tenir una producci\u00f3 \u00f2ptima.","robots":{"index":"index","follow":"follow","max-snippet":"max-snippet:-1","max-image-preview":"max-image-preview:large","max-video-preview":"max-video-preview:-1"},"canonical":"https:\/\/marketing.inttec-cloud.com\/index.php\/que-fem-a-inttec\/","og_locale":"ca_ES","og_type":"article","og_title":"Qu\u00e8 fem a IntTec? - IntTec - Integracions tecnol\u00f2giques 2016","og_description":"A IntTec ens dediquem a adaptar la teva empresa a les tecnologies m\u00e9s avan\u00e7ades i a ajudar-te a tenir una producci\u00f3 \u00f2ptima.","og_url":"https:\/\/marketing.inttec-cloud.com\/index.php\/que-fem-a-inttec\/","og_site_name":"IntTec - Integracions tecnol\u00f2giques 2016","article_modified_time":"2022-10-19T04:05:37+00:00","og_image":[{"width":1920,"height":1181,"url":"https:\/\/marketing.inttec-cloud.com\/wp-content\/uploads\/2022\/06\/cropped-INDUSTRIA-4_0-white-e1656599685384.jpg","type":"image\/jpeg"}],"twitter_card":"summary_large_image","twitter_misc":{"Temps estimat de lectura":"4 minuts"},"schema":{"@context":"https:\/\/schema.org","@graph":[{"@type":"WebPage","@id":"https:\/\/marketing.inttec-cloud.com\/index.php\/que-fem-a-inttec\/","url":"https:\/\/marketing.inttec-cloud.com\/index.php\/que-fem-a-inttec\/","name":"Qu\u00e8 fem a IntTec? - IntTec - Integracions tecnol\u00f2giques 2016","isPartOf":{"@id":"https:\/\/marketing.inttec-cloud.com\/#website"},"primaryImageOfPage":{"@id":"https:\/\/marketing.inttec-cloud.com\/index.php\/que-fem-a-inttec\/#primaryimage"},"image":{"@id":"https:\/\/marketing.inttec-cloud.com\/index.php\/que-fem-a-inttec\/#primaryimage"},"thumbnailUrl":"https:\/\/marketing.inttec-cloud.com\/wp-content\/uploads\/2022\/06\/cropped-INDUSTRIA-4_0-white-e1656599685384.jpg","datePublished":"2022-07-05T14:47:52+00:00","dateModified":"2022-10-19T04:05:37+00:00","description":"A IntTec ens dediquem a adaptar la teva empresa a les tecnologies m\u00e9s avan\u00e7ades i a ajudar-te a tenir una producci\u00f3 \u00f2ptima.","breadcrumb":{"@id":"https:\/\/marketing.inttec-cloud.com\/index.php\/que-fem-a-inttec\/#breadcrumb"},"inLanguage":"ca","potentialAction":[{"@type":"ReadAction","target":["https:\/\/marketing.inttec-cloud.com\/index.php\/que-fem-a-inttec\/"]}]},{"@type":"ImageObject","inLanguage":"ca","@id":"https:\/\/marketing.inttec-cloud.com\/index.php\/que-fem-a-inttec\/#primaryimage","url":"https:\/\/marketing.inttec-cloud.com\/wp-content\/uploads\/2022\/06\/cropped-INDUSTRIA-4_0-white-e1656599685384.jpg","contentUrl":"https:\/\/marketing.inttec-cloud.com\/wp-content\/uploads\/2022\/06\/cropped-INDUSTRIA-4_0-white-e1656599685384.jpg","width":1920,"height":1181},{"@type":"BreadcrumbList","@id":"https:\/\/marketing.inttec-cloud.com\/index.php\/que-fem-a-inttec\/#breadcrumb","itemListElement":[{"@type":"ListItem","position":1,"name":"Home","item":"https:\/\/marketing.inttec-cloud.com\/"},{"@type":"ListItem","position":2,"name":"Qu\u00e8 fem a IntTec?"}]},{"@type":"WebSite","@id":"https:\/\/marketing.inttec-cloud.com\/#website","url":"https:\/\/marketing.inttec-cloud.com\/","name":"IntTec - Integracions tecnol\u00f2giques 2016","description":"Especialistes del dem\u00e0","publisher":{"@id":"https:\/\/marketing.inttec-cloud.com\/#organization"},"potentialAction":[{"@type":"SearchAction","target":{"@type":"EntryPoint","urlTemplate":"https:\/\/marketing.inttec-cloud.com\/?s={search_term_string}"},"query-input":{"@type":"PropertyValueSpecification","valueRequired":true,"valueName":"search_term_string"}}],"inLanguage":"ca"},{"@type":"Organization","@id":"https:\/\/marketing.inttec-cloud.com\/#organization","name":"IntTec - Solucions integrals","url":"https:\/\/marketing.inttec-cloud.com\/","logo":{"@type":"ImageObject","inLanguage":"ca","@id":"https:\/\/marketing.inttec-cloud.com\/#\/schema\/logo\/image\/","url":"https:\/\/marketing.inttec-cloud.com\/wp-content\/uploads\/2022\/06\/logo.png","contentUrl":"https:\/\/marketing.inttec-cloud.com\/wp-content\/uploads\/2022\/06\/logo.png","width":2909,"height":988,"caption":"IntTec - Solucions integrals"},"image":{"@id":"https:\/\/marketing.inttec-cloud.com\/#\/schema\/logo\/image\/"},"sameAs":["https:\/\/www.linkedin.com\/company\/integracions-tecnologiques-2016-sl\/mycompany\/?viewAsMember=true"]}]}},"_links":{"self":[{"href":"https:\/\/marketing.inttec-cloud.com\/index.php\/wp-json\/wp\/v2\/pages\/237","targetHints":{"allow":["GET"]}}],"collection":[{"href":"https:\/\/marketing.inttec-cloud.com\/index.php\/wp-json\/wp\/v2\/pages"}],"about":[{"href":"https:\/\/marketing.inttec-cloud.com\/index.php\/wp-json\/wp\/v2\/types\/page"}],"author":[{"embeddable":true,"href":"https:\/\/marketing.inttec-cloud.com\/index.php\/wp-json\/wp\/v2\/users\/1"}],"replies":[{"embeddable":true,"href":"https:\/\/marketing.inttec-cloud.com\/index.php\/wp-json\/wp\/v2\/comments?post=237"}],"version-history":[{"count":31,"href":"https:\/\/marketing.inttec-cloud.com\/index.php\/wp-json\/wp\/v2\/pages\/237\/revisions"}],"predecessor-version":[{"id":1276,"href":"https:\/\/marketing.inttec-cloud.com\/index.php\/wp-json\/wp\/v2\/pages\/237\/revisions\/1276"}],"wp:featuredmedia":[{"embeddable":true,"href":"https:\/\/marketing.inttec-cloud.com\/index.php\/wp-json\/wp\/v2\/media\/35"}],"wp:attachment":[{"href":"https:\/\/marketing.inttec-cloud.com\/index.php\/wp-json\/wp\/v2\/media?parent=237"}],"curies":[{"name":"wp","href":"https:\/\/api.w.org\/{rel}","templated":true}]}}